{"id":2967,"date":"2016-09-20T18:51:29","date_gmt":"2016-09-20T16:51:29","guid":{"rendered":"http:\/\/www.blomenroehr.com\/en\/unternehmen\/daten-fakten\/"},"modified":"2016-11-26T17:51:28","modified_gmt":"2016-11-26T16:51:28","slug":"facts-figures","status":"publish","type":"page","link":"https:\/\/www.blomenroehr.com\/en\/company\/facts-figures\/","title":{"rendered":"Facts &#038; Figures"},"content":{"rendered":"<div class=\"wpb-content-wrapper\"><p>[vc_row margin_top=&#8221;0&#8243; padding_top=&#8221;0&#8243;][vc_column][vc_column_text]<\/p>\n<h4>Dates &amp; Facts about Blomenr\u00f6hr Fahrzeugbau<\/h4>\n<ul>\n<li>Long-time experience in the manufacturing of low bed trailers, tippers and special vehicles with high punctual load \u2013 since 1963!<\/li>\n<li>Over 17.200 individually produced trailers are on their duty worldwide! Some of them even over 30 years.<\/li>\n<li>Production at 2 sites in Germany: in Geseke (Westfalia) and Egeln (Sachsen-Anhalt)<\/li>\n<li>All Blomenr\u00f6hr trailers are individually manufactured with own employed staff and are \u201cMade in Germany\u201d.<\/li>\n<li>The size of both production sites exceeds 40.000m\u00b2<\/li>\n<li>Blomenr\u00f6hr employs about 55 workers, almost all of them specially trained on vehicle construction<\/li>\n<li>Blomenr\u00f6hr invests constantly in the training of \u00a0qualified workers<\/li>\n<li>Verwendung von hochwertigen Markenkomponenten und Materialien von namhaften Herstellern, von denen wir \u00fcberzeugt sind<\/li>\n<li>Use of high quality components and material of brand label manufacturers which we are convinced of<\/li>\n<li>Own steel-blasting and varnishing facility at each production site<\/li>\n<li>Qualit\u00e4tssicherung und mehrstufige Qualit\u00e4tskontrolle w\u00e4hrend des Produktionsprozesses fest verankert<\/li>\n<li>Firmly anchored quality management and multistage quality control during the production process<\/li>\n<li>Documentation of all trailers built with relevant components in the DMS-System \u2013 therefore a longtime spare parts supply is guaranteed<\/li>\n<li>Own construction department with 3D-CAD<\/li>\n<li>European-wide existing dealer network<\/li>\n<li>All-around client support with consulting, verification of the client\u2019s requirements, questions concerning financing, special construction with drawing, T\u00dcV-homologation, spare parts service, repair works<\/li>\n<li>105 models from 2,1t to 25t total weight<\/li>\n<li>Solvency index of Blomenr\u00f6hr at Creditreform is better than 200 (= very good creditworthiness) and a probability of default at actually at 0,09% (average is at 1,6%)<\/li>\n<\/ul>\n<p>[\/vc_column_text][\/vc_column][\/vc_row]<\/p>\n<\/div>","protected":false},"excerpt":{"rendered":"<p>[vc_row margin_top=&#8221;0&#8243; padding_top=&#8221;0&#8243;][vc_column][vc_column_text] Dates &amp; Facts about Blomenr\u00f6hr Fahrzeugbau Long-time experience in the manufacturing of low bed trailers, tippers and special &#8230;<\/p>\n","protected":false},"author":1,"featured_media":0,"parent":2956,"menu_order":0,"comment_status":"closed","ping_status":"closed","template":"","meta":{"footnotes":""},"class_list":["post-2967","page","type-page","status-publish","hentry"],"yoast_head":"<!-- This site is optimized with the Yoast SEO plugin v26.2 - https:\/\/yoast.com\/wordpress\/plugins\/seo\/ -->\n<title>Facts &amp; Figures | Blomenr\u00f6hr Fahrzeugbau<\/title>\n<meta name=\"robots\" content=\"index, follow, max-snippet:-1, max-image-preview:large, max-video-preview:-1\" \/>\n<link rel=\"canonical\" href=\"https:\/\/www.blomenroehr.com\/en\/company\/facts-figures\/\" \/>\n<meta property=\"og:locale\" content=\"en_US\" \/>\n<meta property=\"og:type\" content=\"article\" \/>\n<meta property=\"og:title\" content=\"Facts &amp; Figures | Blomenr\u00f6hr Fahrzeugbau\" \/>\n<meta property=\"og:description\" content=\"[vc_row margin_top=&#8221;0&#8243; padding_top=&#8221;0&#8243;][vc_column][vc_column_text] Dates &amp; Facts about Blomenr\u00f6hr Fahrzeugbau Long-time experience in the manufacturing of low bed trailers, tippers and special ...\" \/>\n<meta property=\"og:url\" content=\"https:\/\/www.blomenroehr.com\/en\/company\/facts-figures\/\" \/>\n<meta property=\"og:site_name\" content=\"Blomenr\u00f6hr Fahrzeugbau\" \/>\n<meta property=\"article:publisher\" content=\"https:\/\/www.facebook.com\/Blomenr%c3%b6hr-Fahrzeugbau-GmbH-1576816849310865\/\" \/>\n<meta property=\"article:modified_time\" content=\"2016-11-26T16:51:28+00:00\" \/>\n<meta name=\"twitter:card\" content=\"summary_large_image\" \/>\n<meta name=\"twitter:label1\" content=\"Est. reading time\" \/>\n\t<meta name=\"twitter:data1\" content=\"1 minute\" \/>\n<script type=\"application\/ld+json\" class=\"yoast-schema-graph\">{\"@context\":\"https:\/\/schema.org\",\"@graph\":[{\"@type\":\"WebPage\",\"@id\":\"https:\/\/www.blomenroehr.com\/en\/company\/facts-figures\/\",\"url\":\"https:\/\/www.blomenroehr.com\/en\/company\/facts-figures\/\",\"name\":\"Facts & Figures | Blomenr\u00f6hr Fahrzeugbau\",\"isPartOf\":{\"@id\":\"https:\/\/www.blomenroehr.com\/#website\"},\"datePublished\":\"2016-09-20T16:51:29+00:00\",\"dateModified\":\"2016-11-26T16:51:28+00:00\",\"breadcrumb\":{\"@id\":\"https:\/\/www.blomenroehr.com\/en\/company\/facts-figures\/#breadcrumb\"},\"inLanguage\":\"en-US\",\"potentialAction\":[{\"@type\":\"ReadAction\",\"target\":[\"https:\/\/www.blomenroehr.com\/en\/company\/facts-figures\/\"]}]},{\"@type\":\"BreadcrumbList\",\"@id\":\"https:\/\/www.blomenroehr.com\/en\/company\/facts-figures\/#breadcrumb\",\"itemListElement\":[{\"@type\":\"ListItem\",\"position\":1,\"name\":\"Startseite\",\"item\":\"https:\/\/www.blomenroehr.com\/en\/\"},{\"@type\":\"ListItem\",\"position\":2,\"name\":\"Company\",\"item\":\"https:\/\/www.blomenroehr.com\/en\/company\/\"},{\"@type\":\"ListItem\",\"position\":3,\"name\":\"Facts &#038; Figures\"}]},{\"@type\":\"WebSite\",\"@id\":\"https:\/\/www.blomenroehr.com\/#website\",\"url\":\"https:\/\/www.blomenroehr.com\/\",\"name\":\"Blomenr\u00f6hr Fahrzeugbau\",\"description\":\"Ihre innovative Anh\u00e4nger Manufaktur\",\"potentialAction\":[{\"@type\":\"SearchAction\",\"target\":{\"@type\":\"EntryPoint\",\"urlTemplate\":\"https:\/\/www.blomenroehr.com\/?s={search_term_string}\"},\"query-input\":{\"@type\":\"PropertyValueSpecification\",\"valueRequired\":true,\"valueName\":\"search_term_string\"}}],\"inLanguage\":\"en-US\"}]}<\/script>\n<!-- \/ Yoast SEO plugin. -->","yoast_head_json":{"title":"Facts & Figures | Blomenr\u00f6hr Fahrzeugbau","robots":{"index":"index","follow":"follow","max-snippet":"max-snippet:-1","max-image-preview":"max-image-preview:large","max-video-preview":"max-video-preview:-1"},"canonical":"https:\/\/www.blomenroehr.com\/en\/company\/facts-figures\/","og_locale":"en_US","og_type":"article","og_title":"Facts & Figures | Blomenr\u00f6hr Fahrzeugbau","og_description":"[vc_row margin_top=&#8221;0&#8243; padding_top=&#8221;0&#8243;][vc_column][vc_column_text] Dates &amp; Facts about Blomenr\u00f6hr Fahrzeugbau Long-time experience in the manufacturing of low bed trailers, tippers and special ...","og_url":"https:\/\/www.blomenroehr.com\/en\/company\/facts-figures\/","og_site_name":"Blomenr\u00f6hr Fahrzeugbau","article_publisher":"https:\/\/www.facebook.com\/Blomenr%c3%b6hr-Fahrzeugbau-GmbH-1576816849310865\/","article_modified_time":"2016-11-26T16:51:28+00:00","twitter_card":"summary_large_image","twitter_misc":{"Est. reading time":"1 minute"},"schema":{"@context":"https:\/\/schema.org","@graph":[{"@type":"WebPage","@id":"https:\/\/www.blomenroehr.com\/en\/company\/facts-figures\/","url":"https:\/\/www.blomenroehr.com\/en\/company\/facts-figures\/","name":"Facts & Figures | Blomenr\u00f6hr Fahrzeugbau","isPartOf":{"@id":"https:\/\/www.blomenroehr.com\/#website"},"datePublished":"2016-09-20T16:51:29+00:00","dateModified":"2016-11-26T16:51:28+00:00","breadcrumb":{"@id":"https:\/\/www.blomenroehr.com\/en\/company\/facts-figures\/#breadcrumb"},"inLanguage":"en-US","potentialAction":[{"@type":"ReadAction","target":["https:\/\/www.blomenroehr.com\/en\/company\/facts-figures\/"]}]},{"@type":"BreadcrumbList","@id":"https:\/\/www.blomenroehr.com\/en\/company\/facts-figures\/#breadcrumb","itemListElement":[{"@type":"ListItem","position":1,"name":"Startseite","item":"https:\/\/www.blomenroehr.com\/en\/"},{"@type":"ListItem","position":2,"name":"Company","item":"https:\/\/www.blomenroehr.com\/en\/company\/"},{"@type":"ListItem","position":3,"name":"Facts &#038; Figures"}]},{"@type":"WebSite","@id":"https:\/\/www.blomenroehr.com\/#website","url":"https:\/\/www.blomenroehr.com\/","name":"Blomenr\u00f6hr Fahrzeugbau","description":"Ihre innovative Anh\u00e4nger Manufaktur","potentialAction":[{"@type":"SearchAction","target":{"@type":"EntryPoint","urlTemplate":"https:\/\/www.blomenroehr.com\/?s={search_term_string}"},"query-input":{"@type":"PropertyValueSpecification","valueRequired":true,"valueName":"search_term_string"}}],"inLanguage":"en-US"}]}},"_links":{"self":[{"href":"https:\/\/www.blomenroehr.com\/en\/wp-json\/wp\/v2\/pages\/2967","targetHints":{"allow":["GET"]}}],"collection":[{"href":"https:\/\/www.blomenroehr.com\/en\/wp-json\/wp\/v2\/pages"}],"about":[{"href":"https:\/\/www.blomenroehr.com\/en\/wp-json\/wp\/v2\/types\/page"}],"author":[{"embeddable":true,"href":"https:\/\/www.blomenroehr.com\/en\/wp-json\/wp\/v2\/users\/1"}],"replies":[{"embeddable":true,"href":"https:\/\/www.blomenroehr.com\/en\/wp-json\/wp\/v2\/comments?post=2967"}],"version-history":[{"count":2,"href":"https:\/\/www.blomenroehr.com\/en\/wp-json\/wp\/v2\/pages\/2967\/revisions"}],"predecessor-version":[{"id":3114,"href":"https:\/\/www.blomenroehr.com\/en\/wp-json\/wp\/v2\/pages\/2967\/revisions\/3114"}],"up":[{"embeddable":true,"href":"https:\/\/www.blomenroehr.com\/en\/wp-json\/wp\/v2\/pages\/2956"}],"wp:attachment":[{"href":"https:\/\/www.blomenroehr.com\/en\/wp-json\/wp\/v2\/media?parent=2967"}],"curies":[{"name":"wp","href":"https:\/\/api.w.org\/{rel}","templated":true}]}}