{"id":2957,"date":"2016-10-02T21:20:23","date_gmt":"2016-10-02T19:20:23","guid":{"rendered":"http:\/\/www.blomenroehr.com\/en\/anhaenger\/dreiseitenkipper\/"},"modified":"2025-01-20T15:29:56","modified_gmt":"2025-01-20T14:29:56","slug":"dreiseitenkipper","status":"publish","type":"page","link":"https:\/\/www.blomenroehr.com\/en\/trailer\/dreiseitenkipper\/","title":{"rendered":"Three-way tipper"},"content":{"rendered":"<div class=\"wpb-content-wrapper\"><p>[vc_row margin_top=&#8221;0&#8243; padding_top=&#8221;0&#8243;][vc_column][vc_column_text css=&#8221;&#8221;]<\/p>\n<h3>Three-way tipper &#8211; the all-rounder for your fleet!<br \/>\nTotal weight: 5 t &#8211; 19 t<\/h3>\n<p>[\/vc_column_text][vc_masonry_media_grid element_width=&#8221;12&#8243; gap=&#8221;35&#8243; item=&#8221;masonryGrid_SlideoOutFromRight&#8221; css=&#8221;&#8221; initial_loading_animation=&#8221;none&#8221; grid_id=&#8221;vc_gid:1737383349596-e1ad7a9c-89c9-3&#8243; include=&#8221;4352&#8243;][\/vc_column][\/vc_row][vc_row margin_top=&#8221;0&#8243; padding_top=&#8221;0&#8243;][vc_column][vc_column_text css=&#8221;&#8221;]<\/p>\n<p style=\"text-align: justify;\">Blomenr\u00f6hr&#8217;s three-way tippers are real all-rounders in use: construction machinery is loaded and lashed down safely and quickly on the low tipper thanks to extendable aluminium loading rails. As soon as the machine is in use on the construction site, the tipper can pick up the excavated material and take it to the landfill. It doesn&#8217;t matter whether it&#8217;s good topsoil, fine-grained sand, coarse gravel, asphalt or thick chunks of rock: the side walls close tightly and the extremely hard-wearing HARDOX floor, which is installed as standard from a total weight of 8 tonnes, can withstand any load!<\/p>\n<p>[\/vc_column_text][\/vc_column][\/vc_row][vc_row margin_top=&#8221;0&#8243; margin_bottom=&#8221;50&#8243; padding_top=&#8221;0&#8243;][vc_column][vc_masonry_media_grid element_width=&#8221;6&#8243; gap=&#8221;35&#8243; initial_loading_animation=&#8221;none&#8221; grid_id=&#8221;vc_gid:1737383349603-5390a2be-13e2-4&#8243; include=&#8221;1808,1807&#8243;][\/vc_column][\/vc_row][vc_row margin_top=&#8221;-50&#8243; padding_top=&#8221;0&#8243;][vc_column][vc_column_text css=&#8221;&#8221;]<\/p>\n<p style=\"text-align: left;\">At the landfill or its destination, the excavated material can be unloaded sideways or backwards using a powerful 4-stage tipping cylinder &#8211; the tipping angle is normally 45\u00b0. As the lighting is protected in the collision guard, the side walls are stable and laser-welded and the tipper locks are robust, nothing is damaged during this process!<\/p>\n<p>[\/vc_column_text][\/vc_column][\/vc_row][vc_row margin_top=&#8221;0&#8243; padding_top=&#8221;0&#8243;][vc_column][vc_masonry_media_grid element_width=&#8221;6&#8243; gap=&#8221;35&#8243; item=&#8221;1511&#8243; initial_loading_animation=&#8221;none&#8221; grid_id=&#8221;vc_gid:1737383349607-40fd3f14-caf4-1&#8243; include=&#8221;1815,1816&#8243;][vc_column_text css=&#8221;&#8221;]If the tipper is travelling more off-road than on the road, large balloon tyres can be used for low ground pressure. This further increases the already high ground clearance. If leaves or chopped material are also to be transported in autumn or spring, additional side walls made of steel, aluminium or perforated plates are recommended &#8211; so you can use your trailer optimally all year round![\/vc_column_text][vc_masonry_media_grid element_width=&#8221;6&#8243; gap=&#8221;35&#8243; item=&#8221;1511&#8243; initial_loading_animation=&#8221;none&#8221; grid_id=&#8221;vc_gid:1737383349611-1a1a8396-421f-10&#8243; include=&#8221;4115,4113&#8243;][vc_column_text css=&#8221;&#8221;]We have been using the state-of-the-art EBS braking system with the TEM parking brake with Safe Parking on larger three-way tippers for years. From July 2024, the EBS braking system will be introduced on all air-braked trailers, as a tyre pressure monitoring system (TPMS) must be installed due to new EU directives. (UPDATE AUGUST 2024: Retroactive cancellation of the obligation to equip with TPMS with individual T\u00dcV approval. Vehicles can now still be registered until 6 July 2026 without TPMS).<\/p>\n<p>We will provide you with expert advice on which three-way tipper is suitable for your specific application and with which equipment. We have a wide range of load securing devices and toolboxes in our programme. The tippers are painted individually according to your wishes with high-quality truck paints from BASF\/Glasurit &#8211; a hot-dip galvanised chassis is also possible. The individual equipment and colour scheme makes you stand out as a company on the road and gives your company a face! Thanks to the high-quality and varied equipment, the tippers and low-loaders are practical in daily use and also inexpensive to maintain.<\/p>\n<h3><strong>Three-way tipper in detail<\/strong><\/h3>\n<p>[\/vc_column_text][vc_masonry_media_grid element_width=&#8221;12&#8243; gap=&#8221;25&#8243; css=&#8221;&#8221; initial_loading_animation=&#8221;none&#8221; grid_id=&#8221;vc_gid:1737383349617-deae7e44-dd48-5&#8243; include=&#8221;7937&#8243;][\/vc_column][\/vc_row][vc_row][vc_column][vc_column_text css=&#8221;&#8221;]<\/p>\n<h3 style=\"text-align: justify;\"><em>Weitere Informationen in unserem aktuellen Prospekt<\/em><\/h3>\n<h3 style=\"text-align: justify;\"><span style=\"color: #ff0000;\"><a style=\"color: #ff0000;\" href=\"https:\/\/www.blomenroehr.com\/wp-content\/uploads\/2025\/01\/2024-Kipper-Prospekt-en-opt.pdf\">Brochure Three- and Two-way tipper 2025<\/a><\/span><\/h3>\n<h3><span style=\"color: #ff0000;\"><a style=\"color: #ff0000;\" href=\"https:\/\/www.blomenroehr.com\/wp-content\/uploads\/2023\/09\/BLOMENROeHR-Prospekt-Dreiseitenkipper-890-18000-2.pdf\">Prospekt Dreiseitenkipper 890-18000-2 2023<\/a><\/span><\/h3>\n<p>[\/vc_column_text][\/vc_column][\/vc_row]<\/p>\n<\/div>","protected":false},"excerpt":{"rendered":"<p>[vc_row margin_top=&#8221;0&#8243; padding_top=&#8221;0&#8243;][vc_column][vc_column_text css=&#8221;&#8221;] Three-way tipper &#8211; the all-rounder for your fleet! Total weight: 5 t &#8211; 19 t [\/vc_column_text][vc_masonry_media_grid element_width=&#8221;12&#8243; &#8230;<\/p>\n","protected":false},"author":1,"featured_media":7891,"parent":2947,"menu_order":0,"comment_status":"closed","ping_status":"closed","template":"","meta":{"footnotes":""},"class_list":["post-2957","page","type-page","status-publish","has-post-thumbnail","hentry"],"yoast_head":"<!-- This site is optimized with the Yoast SEO plugin v26.2 - https:\/\/yoast.com\/wordpress\/plugins\/seo\/ -->\n<title>Three-way tipper | Blomenr\u00f6hr Fahrzeugbau<\/title>\n<meta name=\"description\" content=\"Der Universalanh\u00e4nger im Bau: Tandem-Dreiseitenkipper - mit eingeschobenen Verladeschienen und Hardox-Boden f\u00fcr Maschinen- und Sch\u00fcttguttransporte\" \/>\n<meta name=\"robots\" content=\"index, follow, max-snippet:-1, max-image-preview:large, max-video-preview:-1\" \/>\n<link rel=\"canonical\" href=\"https:\/\/www.blomenroehr.com\/en\/trailer\/dreiseitenkipper\/\" \/>\n<meta property=\"og:locale\" content=\"en_US\" \/>\n<meta property=\"og:type\" content=\"article\" \/>\n<meta property=\"og:title\" content=\"Three-way tipper | Blomenr\u00f6hr Fahrzeugbau\" \/>\n<meta property=\"og:description\" content=\"Der Universalanh\u00e4nger im Bau: Tandem-Dreiseitenkipper - mit eingeschobenen Verladeschienen und Hardox-Boden f\u00fcr Maschinen- und Sch\u00fcttguttransporte\" \/>\n<meta property=\"og:url\" content=\"https:\/\/www.blomenroehr.com\/en\/trailer\/dreiseitenkipper\/\" \/>\n<meta property=\"og:site_name\" content=\"Blomenr\u00f6hr Fahrzeugbau\" \/>\n<meta property=\"article:publisher\" content=\"https:\/\/www.facebook.com\/Blomenr%c3%b6hr-Fahrzeugbau-GmbH-1576816849310865\/\" \/>\n<meta property=\"article:modified_time\" content=\"2025-01-20T14:29:56+00:00\" \/>\n<meta property=\"og:image\" content=\"https:\/\/www.blomenroehr.com\/wp-content\/uploads\/2024\/11\/3SK_VerkehrsschildDetails_242A4876_16zu9-2-scaled-e1732706479810.jpg\" \/>\n\t<meta property=\"og:image:width\" content=\"2560\" \/>\n\t<meta property=\"og:image:height\" content=\"1440\" \/>\n\t<meta property=\"og:image:type\" content=\"image\/jpeg\" \/>\n<meta name=\"twitter:card\" content=\"summary_large_image\" \/>\n<meta name=\"twitter:label1\" content=\"Est. reading time\" \/>\n\t<meta name=\"twitter:data1\" content=\"3 minutes\" \/>\n<script type=\"application\/ld+json\" class=\"yoast-schema-graph\">{\"@context\":\"https:\/\/schema.org\",\"@graph\":[{\"@type\":\"WebPage\",\"@id\":\"https:\/\/www.blomenroehr.com\/en\/trailer\/dreiseitenkipper\/\",\"url\":\"https:\/\/www.blomenroehr.com\/en\/trailer\/dreiseitenkipper\/\",\"name\":\"Three-way tipper | Blomenr\u00f6hr Fahrzeugbau\",\"isPartOf\":{\"@id\":\"https:\/\/www.blomenroehr.com\/#website\"},\"primaryImageOfPage\":{\"@id\":\"https:\/\/www.blomenroehr.com\/en\/trailer\/dreiseitenkipper\/#primaryimage\"},\"image\":{\"@id\":\"https:\/\/www.blomenroehr.com\/en\/trailer\/dreiseitenkipper\/#primaryimage\"},\"thumbnailUrl\":\"https:\/\/www.blomenroehr.com\/wp-content\/uploads\/2024\/11\/3SK_VerkehrsschildDetails_242A4876_16zu9-2-scaled-e1732706479810.jpg\",\"datePublished\":\"2016-10-02T19:20:23+00:00\",\"dateModified\":\"2025-01-20T14:29:56+00:00\",\"description\":\"Der Universalanh\u00e4nger im Bau: Tandem-Dreiseitenkipper - mit eingeschobenen Verladeschienen und Hardox-Boden f\u00fcr Maschinen- und Sch\u00fcttguttransporte\",\"breadcrumb\":{\"@id\":\"https:\/\/www.blomenroehr.com\/en\/trailer\/dreiseitenkipper\/#breadcrumb\"},\"inLanguage\":\"en-US\",\"potentialAction\":[{\"@type\":\"ReadAction\",\"target\":[\"https:\/\/www.blomenroehr.com\/en\/trailer\/dreiseitenkipper\/\"]}]},{\"@type\":\"ImageObject\",\"inLanguage\":\"en-US\",\"@id\":\"https:\/\/www.blomenroehr.com\/en\/trailer\/dreiseitenkipper\/#primaryimage\",\"url\":\"https:\/\/www.blomenroehr.com\/wp-content\/uploads\/2024\/11\/3SK_VerkehrsschildDetails_242A4876_16zu9-2-scaled-e1732706479810.jpg\",\"contentUrl\":\"https:\/\/www.blomenroehr.com\/wp-content\/uploads\/2024\/11\/3SK_VerkehrsschildDetails_242A4876_16zu9-2-scaled-e1732706479810.jpg\",\"width\":2560,\"height\":1440},{\"@type\":\"BreadcrumbList\",\"@id\":\"https:\/\/www.blomenroehr.com\/en\/trailer\/dreiseitenkipper\/#breadcrumb\",\"itemListElement\":[{\"@type\":\"ListItem\",\"position\":1,\"name\":\"Startseite\",\"item\":\"https:\/\/www.blomenroehr.com\/en\/\"},{\"@type\":\"ListItem\",\"position\":2,\"name\":\"Trailer\",\"item\":\"https:\/\/www.blomenroehr.com\/en\/trailer\/\"},{\"@type\":\"ListItem\",\"position\":3,\"name\":\"Three-way tipper\"}]},{\"@type\":\"WebSite\",\"@id\":\"https:\/\/www.blomenroehr.com\/#website\",\"url\":\"https:\/\/www.blomenroehr.com\/\",\"name\":\"Blomenr\u00f6hr Fahrzeugbau\",\"description\":\"Ihre innovative Anh\u00e4nger Manufaktur\",\"potentialAction\":[{\"@type\":\"SearchAction\",\"target\":{\"@type\":\"EntryPoint\",\"urlTemplate\":\"https:\/\/www.blomenroehr.com\/?s={search_term_string}\"},\"query-input\":{\"@type\":\"PropertyValueSpecification\",\"valueRequired\":true,\"valueName\":\"search_term_string\"}}],\"inLanguage\":\"en-US\"}]}<\/script>\n<!-- \/ Yoast SEO plugin. -->","yoast_head_json":{"title":"Three-way tipper | Blomenr\u00f6hr Fahrzeugbau","description":"Der Universalanh\u00e4nger im Bau: Tandem-Dreiseitenkipper - mit eingeschobenen Verladeschienen und Hardox-Boden f\u00fcr Maschinen- und Sch\u00fcttguttransporte","robots":{"index":"index","follow":"follow","max-snippet":"max-snippet:-1","max-image-preview":"max-image-preview:large","max-video-preview":"max-video-preview:-1"},"canonical":"https:\/\/www.blomenroehr.com\/en\/trailer\/dreiseitenkipper\/","og_locale":"en_US","og_type":"article","og_title":"Three-way tipper | Blomenr\u00f6hr Fahrzeugbau","og_description":"Der Universalanh\u00e4nger im Bau: Tandem-Dreiseitenkipper - mit eingeschobenen Verladeschienen und Hardox-Boden f\u00fcr Maschinen- und Sch\u00fcttguttransporte","og_url":"https:\/\/www.blomenroehr.com\/en\/trailer\/dreiseitenkipper\/","og_site_name":"Blomenr\u00f6hr Fahrzeugbau","article_publisher":"https:\/\/www.facebook.com\/Blomenr%c3%b6hr-Fahrzeugbau-GmbH-1576816849310865\/","article_modified_time":"2025-01-20T14:29:56+00:00","og_image":[{"width":2560,"height":1440,"url":"https:\/\/www.blomenroehr.com\/wp-content\/uploads\/2024\/11\/3SK_VerkehrsschildDetails_242A4876_16zu9-2-scaled-e1732706479810.jpg","type":"image\/jpeg"}],"twitter_card":"summary_large_image","twitter_misc":{"Est. reading time":"3 minutes"},"schema":{"@context":"https:\/\/schema.org","@graph":[{"@type":"WebPage","@id":"https:\/\/www.blomenroehr.com\/en\/trailer\/dreiseitenkipper\/","url":"https:\/\/www.blomenroehr.com\/en\/trailer\/dreiseitenkipper\/","name":"Three-way tipper | Blomenr\u00f6hr Fahrzeugbau","isPartOf":{"@id":"https:\/\/www.blomenroehr.com\/#website"},"primaryImageOfPage":{"@id":"https:\/\/www.blomenroehr.com\/en\/trailer\/dreiseitenkipper\/#primaryimage"},"image":{"@id":"https:\/\/www.blomenroehr.com\/en\/trailer\/dreiseitenkipper\/#primaryimage"},"thumbnailUrl":"https:\/\/www.blomenroehr.com\/wp-content\/uploads\/2024\/11\/3SK_VerkehrsschildDetails_242A4876_16zu9-2-scaled-e1732706479810.jpg","datePublished":"2016-10-02T19:20:23+00:00","dateModified":"2025-01-20T14:29:56+00:00","description":"Der Universalanh\u00e4nger im Bau: Tandem-Dreiseitenkipper - mit eingeschobenen Verladeschienen und Hardox-Boden f\u00fcr Maschinen- und Sch\u00fcttguttransporte","breadcrumb":{"@id":"https:\/\/www.blomenroehr.com\/en\/trailer\/dreiseitenkipper\/#breadcrumb"},"inLanguage":"en-US","potentialAction":[{"@type":"ReadAction","target":["https:\/\/www.blomenroehr.com\/en\/trailer\/dreiseitenkipper\/"]}]},{"@type":"ImageObject","inLanguage":"en-US","@id":"https:\/\/www.blomenroehr.com\/en\/trailer\/dreiseitenkipper\/#primaryimage","url":"https:\/\/www.blomenroehr.com\/wp-content\/uploads\/2024\/11\/3SK_VerkehrsschildDetails_242A4876_16zu9-2-scaled-e1732706479810.jpg","contentUrl":"https:\/\/www.blomenroehr.com\/wp-content\/uploads\/2024\/11\/3SK_VerkehrsschildDetails_242A4876_16zu9-2-scaled-e1732706479810.jpg","width":2560,"height":1440},{"@type":"BreadcrumbList","@id":"https:\/\/www.blomenroehr.com\/en\/trailer\/dreiseitenkipper\/#breadcrumb","itemListElement":[{"@type":"ListItem","position":1,"name":"Startseite","item":"https:\/\/www.blomenroehr.com\/en\/"},{"@type":"ListItem","position":2,"name":"Trailer","item":"https:\/\/www.blomenroehr.com\/en\/trailer\/"},{"@type":"ListItem","position":3,"name":"Three-way tipper"}]},{"@type":"WebSite","@id":"https:\/\/www.blomenroehr.com\/#website","url":"https:\/\/www.blomenroehr.com\/","name":"Blomenr\u00f6hr Fahrzeugbau","description":"Ihre innovative Anh\u00e4nger Manufaktur","potentialAction":[{"@type":"SearchAction","target":{"@type":"EntryPoint","urlTemplate":"https:\/\/www.blomenroehr.com\/?s={search_term_string}"},"query-input":{"@type":"PropertyValueSpecification","valueRequired":true,"valueName":"search_term_string"}}],"inLanguage":"en-US"}]}},"_links":{"self":[{"href":"https:\/\/www.blomenroehr.com\/en\/wp-json\/wp\/v2\/pages\/2957","targetHints":{"allow":["GET"]}}],"collection":[{"href":"https:\/\/www.blomenroehr.com\/en\/wp-json\/wp\/v2\/pages"}],"about":[{"href":"https:\/\/www.blomenroehr.com\/en\/wp-json\/wp\/v2\/types\/page"}],"author":[{"embeddable":true,"href":"https:\/\/www.blomenroehr.com\/en\/wp-json\/wp\/v2\/users\/1"}],"replies":[{"embeddable":true,"href":"https:\/\/www.blomenroehr.com\/en\/wp-json\/wp\/v2\/comments?post=2957"}],"version-history":[{"count":13,"href":"https:\/\/www.blomenroehr.com\/en\/wp-json\/wp\/v2\/pages\/2957\/revisions"}],"predecessor-version":[{"id":7959,"href":"https:\/\/www.blomenroehr.com\/en\/wp-json\/wp\/v2\/pages\/2957\/revisions\/7959"}],"up":[{"embeddable":true,"href":"https:\/\/www.blomenroehr.com\/en\/wp-json\/wp\/v2\/pages\/2947"}],"wp:featuredmedia":[{"embeddable":true,"href":"https:\/\/www.blomenroehr.com\/en\/wp-json\/wp\/v2\/media\/7891"}],"wp:attachment":[{"href":"https:\/\/www.blomenroehr.com\/en\/wp-json\/wp\/v2\/media?parent=2957"}],"curies":[{"name":"wp","href":"https:\/\/api.w.org\/{rel}","templated":true}]}}