{"id":2956,"date":"2016-09-13T11:46:28","date_gmt":"2016-09-13T09:46:28","guid":{"rendered":"http:\/\/www.blomenroehr.com\/en\/unternehmen\/"},"modified":"2016-11-26T17:51:40","modified_gmt":"2016-11-26T16:51:40","slug":"company","status":"publish","type":"page","link":"https:\/\/www.blomenroehr.com\/en\/company\/","title":{"rendered":"Company"},"content":{"rendered":"<div class=\"wpb-content-wrapper\"><p>[vc_row row_type=&#8221;row_fullwidth_content&#8221; margin_top=&#8221;0&#8243; padding_top=&#8221;0&#8243; class=&#8221;fit-screen&#8221;][vc_column][rev_slider_vc alias=&#8221;unternehmen-banner&#8221;][\/vc_column][\/vc_row][vc_row margin_top=&#8221;0&#8243; padding_top=&#8221;0&#8243;][vc_column][vc_column_text]<\/p>\n<h4 style=\"text-align: justify;\">Since 1963 we construct and build innovative low bed trailers for the machine transport!<\/h4>\n<p style=\"text-align: justify;\">We &#8211; as a Westfalian traditional enterprise with 55 employees at two sites &#8211; have grown constantly during the last 50 years to a leading manufacturer of innovative trailers in Germany. The main focus is on the design and production of trailers with a particularly low loading area for the transport of machinery and bulk goods. Our customers are building contractors, landscape gardeners, communities and recycling enterprises. Today as in former times we have manufactured our trailers especially on the customers demand!<\/p>\n<p style=\"text-align: justify;\">Thanks to a widespread dealer network the trailers are sold allover in Germany. More than 10% of our turnover is generated in other different European countries \u2013 but also in the South Pacific our trailers are very well known. On the Island of New Caledonia more than 100 trailers are running!<\/p>\n<p style=\"text-align: justify;\">Consequently the company invests in betters products: so Blomenr\u00f6hr is one of the first manufacturers who uses an Electronic Brake System EBS with automatic parking brake (TEM) as standard in the low bed trailers and tippers &gt;10to in their segment. For tippers &gt;10to we use the wearplate HARDOX of the quality 450.<\/p>\n<p>[\/vc_column_text][\/vc_column][\/vc_row][vc_row margin_top=&#8221;0&#8243; margin_bottom=&#8221;0&#8243; padding_top=&#8221;0&#8243; padding_bottom=&#8221;0&#8243;][vc_column width=&#8221;1\/2&#8243;][vc_masonry_media_grid element_width=&#8221;12&#8243; gap=&#8221;0&#8243; initial_loading_animation=&#8221;fadeIn&#8221; grid_id=&#8221;vc_gid:1480177147558-b4f98af73785b357fd486cddb51687a2-3&#8243; include=&#8221;1139&#8243;][\/vc_column][vc_column width=&#8221;1\/2&#8243;]\n\t<div class=\"wpb_content_element featured-box \" >\n\t\t\t<div class=\"featured-box-thumb\">\n\t\t\t\t\t<a class=\"popup-video\" href=\"\/wp-content\/uploads\/video\/Schweissen_01.mp4\">\n\t\t\t\t\t\t<img decoding=\"async\" src=\"https:\/\/www.blomenroehr.com\/wp-content\/uploads\/2016\/09\/video.jpg\">\n\t\t\t\t\t\t<span class=\"video_icon\"><i class=\"fa fa-play\"><\/i><\/span>\n\t\t\t\t\t<\/a>\n\t\t\t<\/div>\n\t<\/div>[\/vc_column][\/vc_row][vc_row margin_bottom=&#8221;0&#8243; padding_bottom=&#8221;0&#8243;][vc_column][vc_column_text]<\/p>\n<h4><strong>Our main focus is on the longevity of our products <\/strong><\/h4>\n<p>[\/vc_column_text][\/vc_column][\/vc_row][vc_row margin_top=&#8221;-30&#8243;][vc_column width=&#8221;2\/3&#8243;][vc_column_text]<\/p>\n<p style=\"text-align: justify;\">By the use of brand name components the spare parts supply is guaranteed for many years, the sturdy design by the use of steel components, that are exclusively welded, allow a use of our products for many decades. This way an economic working with our trailers is possible!<\/p>\n<p style=\"text-align: justify;\">For an international orientation of the company most trailers and tippers have undergone a type testing regarding European standards (COC) \u2013 therefore the trailers can be easily homologated now in the European countries!<\/p>\n<p style=\"text-align: justify;\">Due to the permanent orientation to the clients\u2019 need the name Blomenr\u00f6hr has developed to a real brand, that stands for quality products. The founder unfortunately died in December 2015 \u2013 but his daughter Cordula and his son-in-law Joachim Wenzel will continue to run the company in his interest (see photo to the right).<\/p>\n<p>[\/vc_column_text][\/vc_column][vc_column width=&#8221;1\/3&#8243; css=&#8221;.vc_custom_1474392391022{margin-top: 7px !important;}&#8221;][vc_masonry_media_grid element_width=&#8221;12&#8243; gap=&#8221;0&#8243; grid_id=&#8221;vc_gid:1480177147807-7964a534b18b0e0573d39e419423f72e-2&#8243; include=&#8221;1153&#8243;][\/vc_column][\/vc_row]<\/p>\n<\/div>","protected":false},"excerpt":{"rendered":"<p>[vc_row row_type=&#8221;row_fullwidth_content&#8221; margin_top=&#8221;0&#8243; padding_top=&#8221;0&#8243; class=&#8221;fit-screen&#8221;][vc_column][rev_slider_vc alias=&#8221;unternehmen-banner&#8221;][\/vc_column][\/vc_row][vc_row margin_top=&#8221;0&#8243; padding_top=&#8221;0&#8243;][vc_column][vc_column_text] Since 1963 we construct and build innovative low bed trailers for the machine &#8230;<\/p>\n","protected":false},"author":1,"featured_media":2879,"parent":0,"menu_order":0,"comment_status":"closed","ping_status":"closed","template":"","meta":{"footnotes":""},"class_list":["post-2956","page","type-page","status-publish","has-post-thumbnail","hentry"],"yoast_head":"<!-- This site is optimized with the Yoast SEO plugin v26.2 - https:\/\/yoast.com\/wordpress\/plugins\/seo\/ -->\n<title>Company | Blomenr\u00f6hr Fahrzeugbau<\/title>\n<meta name=\"description\" content=\"Seit 1963 konstruieren und bauen wir innovative Tieflader f\u00fcr den Maschinentransport! Als westf\u00e4lisches Traditionsunternehmen mit 55 Mitarbeitern an 2 Standorten haben wir uns in den vergangenen f\u00fcnf Jahrzehnten zu einem der f\u00fchrenden Hersteller innovativer Anh\u00e4nger in Deutschland entwickelt.\" \/>\n<meta name=\"robots\" content=\"index, follow, max-snippet:-1, max-image-preview:large, max-video-preview:-1\" \/>\n<link rel=\"canonical\" href=\"https:\/\/www.blomenroehr.com\/en\/company\/\" \/>\n<meta property=\"og:locale\" content=\"en_US\" \/>\n<meta property=\"og:type\" content=\"article\" \/>\n<meta property=\"og:title\" content=\"Company | Blomenr\u00f6hr Fahrzeugbau\" \/>\n<meta property=\"og:description\" content=\"Seit 1963 konstruieren und bauen wir innovative Tieflader f\u00fcr den Maschinentransport! Als westf\u00e4lisches Traditionsunternehmen mit 55 Mitarbeitern an 2 Standorten haben wir uns in den vergangenen f\u00fcnf Jahrzehnten zu einem der f\u00fchrenden Hersteller innovativer Anh\u00e4nger in Deutschland entwickelt.\" \/>\n<meta property=\"og:url\" content=\"https:\/\/www.blomenroehr.com\/en\/company\/\" \/>\n<meta property=\"og:site_name\" content=\"Blomenr\u00f6hr Fahrzeugbau\" \/>\n<meta property=\"article:publisher\" content=\"https:\/\/www.facebook.com\/Blomenr%c3%b6hr-Fahrzeugbau-GmbH-1576816849310865\/\" \/>\n<meta property=\"article:modified_time\" content=\"2016-11-26T16:51:40+00:00\" \/>\n<meta name=\"twitter:card\" content=\"summary_large_image\" \/>\n<meta name=\"twitter:label1\" content=\"Est. reading time\" \/>\n\t<meta name=\"twitter:data1\" content=\"3 minutes\" \/>\n<script type=\"application\/ld+json\" class=\"yoast-schema-graph\">{\"@context\":\"https:\/\/schema.org\",\"@graph\":[{\"@type\":\"WebPage\",\"@id\":\"https:\/\/www.blomenroehr.com\/en\/company\/\",\"url\":\"https:\/\/www.blomenroehr.com\/en\/company\/\",\"name\":\"Company | Blomenr\u00f6hr Fahrzeugbau\",\"isPartOf\":{\"@id\":\"https:\/\/www.blomenroehr.com\/#website\"},\"primaryImageOfPage\":{\"@id\":\"https:\/\/www.blomenroehr.com\/en\/company\/#primaryimage\"},\"image\":{\"@id\":\"https:\/\/www.blomenroehr.com\/en\/company\/#primaryimage\"},\"thumbnailUrl\":\"https:\/\/www.blomenroehr.com\/wp-content\/uploads\/2016\/10\/team_geseke_b.jpg\",\"datePublished\":\"2016-09-13T09:46:28+00:00\",\"dateModified\":\"2016-11-26T16:51:40+00:00\",\"description\":\"Seit 1963 konstruieren und bauen wir innovative Tieflader f\u00fcr den Maschinentransport! Als westf\u00e4lisches Traditionsunternehmen mit 55 Mitarbeitern an 2 Standorten haben wir uns in den vergangenen f\u00fcnf Jahrzehnten zu einem der f\u00fchrenden Hersteller innovativer Anh\u00e4nger in Deutschland entwickelt.\",\"breadcrumb\":{\"@id\":\"https:\/\/www.blomenroehr.com\/en\/company\/#breadcrumb\"},\"inLanguage\":\"en-US\",\"potentialAction\":[{\"@type\":\"ReadAction\",\"target\":[\"https:\/\/www.blomenroehr.com\/en\/company\/\"]}]},{\"@type\":\"ImageObject\",\"inLanguage\":\"en-US\",\"@id\":\"https:\/\/www.blomenroehr.com\/en\/company\/#primaryimage\",\"url\":\"https:\/\/www.blomenroehr.com\/wp-content\/uploads\/2016\/10\/team_geseke_b.jpg\",\"contentUrl\":\"https:\/\/www.blomenroehr.com\/wp-content\/uploads\/2016\/10\/team_geseke_b.jpg\",\"width\":1200,\"height\":500},{\"@type\":\"BreadcrumbList\",\"@id\":\"https:\/\/www.blomenroehr.com\/en\/company\/#breadcrumb\",\"itemListElement\":[{\"@type\":\"ListItem\",\"position\":1,\"name\":\"Startseite\",\"item\":\"https:\/\/www.blomenroehr.com\/en\/\"},{\"@type\":\"ListItem\",\"position\":2,\"name\":\"Company\"}]},{\"@type\":\"WebSite\",\"@id\":\"https:\/\/www.blomenroehr.com\/#website\",\"url\":\"https:\/\/www.blomenroehr.com\/\",\"name\":\"Blomenr\u00f6hr Fahrzeugbau\",\"description\":\"Ihre innovative Anh\u00e4nger Manufaktur\",\"potentialAction\":[{\"@type\":\"SearchAction\",\"target\":{\"@type\":\"EntryPoint\",\"urlTemplate\":\"https:\/\/www.blomenroehr.com\/?s={search_term_string}\"},\"query-input\":{\"@type\":\"PropertyValueSpecification\",\"valueRequired\":true,\"valueName\":\"search_term_string\"}}],\"inLanguage\":\"en-US\"}]}<\/script>\n<!-- \/ Yoast SEO plugin. -->","yoast_head_json":{"title":"Company | Blomenr\u00f6hr Fahrzeugbau","description":"Seit 1963 konstruieren und bauen wir innovative Tieflader f\u00fcr den Maschinentransport! Als westf\u00e4lisches Traditionsunternehmen mit 55 Mitarbeitern an 2 Standorten haben wir uns in den vergangenen f\u00fcnf Jahrzehnten zu einem der f\u00fchrenden Hersteller innovativer Anh\u00e4nger in Deutschland entwickelt.","robots":{"index":"index","follow":"follow","max-snippet":"max-snippet:-1","max-image-preview":"max-image-preview:large","max-video-preview":"max-video-preview:-1"},"canonical":"https:\/\/www.blomenroehr.com\/en\/company\/","og_locale":"en_US","og_type":"article","og_title":"Company | Blomenr\u00f6hr Fahrzeugbau","og_description":"Seit 1963 konstruieren und bauen wir innovative Tieflader f\u00fcr den Maschinentransport! Als westf\u00e4lisches Traditionsunternehmen mit 55 Mitarbeitern an 2 Standorten haben wir uns in den vergangenen f\u00fcnf Jahrzehnten zu einem der f\u00fchrenden Hersteller innovativer Anh\u00e4nger in Deutschland entwickelt.","og_url":"https:\/\/www.blomenroehr.com\/en\/company\/","og_site_name":"Blomenr\u00f6hr Fahrzeugbau","article_publisher":"https:\/\/www.facebook.com\/Blomenr%c3%b6hr-Fahrzeugbau-GmbH-1576816849310865\/","article_modified_time":"2016-11-26T16:51:40+00:00","twitter_card":"summary_large_image","twitter_misc":{"Est. reading time":"3 minutes"},"schema":{"@context":"https:\/\/schema.org","@graph":[{"@type":"WebPage","@id":"https:\/\/www.blomenroehr.com\/en\/company\/","url":"https:\/\/www.blomenroehr.com\/en\/company\/","name":"Company | Blomenr\u00f6hr Fahrzeugbau","isPartOf":{"@id":"https:\/\/www.blomenroehr.com\/#website"},"primaryImageOfPage":{"@id":"https:\/\/www.blomenroehr.com\/en\/company\/#primaryimage"},"image":{"@id":"https:\/\/www.blomenroehr.com\/en\/company\/#primaryimage"},"thumbnailUrl":"https:\/\/www.blomenroehr.com\/wp-content\/uploads\/2016\/10\/team_geseke_b.jpg","datePublished":"2016-09-13T09:46:28+00:00","dateModified":"2016-11-26T16:51:40+00:00","description":"Seit 1963 konstruieren und bauen wir innovative Tieflader f\u00fcr den Maschinentransport! Als westf\u00e4lisches Traditionsunternehmen mit 55 Mitarbeitern an 2 Standorten haben wir uns in den vergangenen f\u00fcnf Jahrzehnten zu einem der f\u00fchrenden Hersteller innovativer Anh\u00e4nger in Deutschland entwickelt.","breadcrumb":{"@id":"https:\/\/www.blomenroehr.com\/en\/company\/#breadcrumb"},"inLanguage":"en-US","potentialAction":[{"@type":"ReadAction","target":["https:\/\/www.blomenroehr.com\/en\/company\/"]}]},{"@type":"ImageObject","inLanguage":"en-US","@id":"https:\/\/www.blomenroehr.com\/en\/company\/#primaryimage","url":"https:\/\/www.blomenroehr.com\/wp-content\/uploads\/2016\/10\/team_geseke_b.jpg","contentUrl":"https:\/\/www.blomenroehr.com\/wp-content\/uploads\/2016\/10\/team_geseke_b.jpg","width":1200,"height":500},{"@type":"BreadcrumbList","@id":"https:\/\/www.blomenroehr.com\/en\/company\/#breadcrumb","itemListElement":[{"@type":"ListItem","position":1,"name":"Startseite","item":"https:\/\/www.blomenroehr.com\/en\/"},{"@type":"ListItem","position":2,"name":"Company"}]},{"@type":"WebSite","@id":"https:\/\/www.blomenroehr.com\/#website","url":"https:\/\/www.blomenroehr.com\/","name":"Blomenr\u00f6hr Fahrzeugbau","description":"Ihre innovative Anh\u00e4nger Manufaktur","potentialAction":[{"@type":"SearchAction","target":{"@type":"EntryPoint","urlTemplate":"https:\/\/www.blomenroehr.com\/?s={search_term_string}"},"query-input":{"@type":"PropertyValueSpecification","valueRequired":true,"valueName":"search_term_string"}}],"inLanguage":"en-US"}]}},"_links":{"self":[{"href":"https:\/\/www.blomenroehr.com\/en\/wp-json\/wp\/v2\/pages\/2956","targetHints":{"allow":["GET"]}}],"collection":[{"href":"https:\/\/www.blomenroehr.com\/en\/wp-json\/wp\/v2\/pages"}],"about":[{"href":"https:\/\/www.blomenroehr.com\/en\/wp-json\/wp\/v2\/types\/page"}],"author":[{"embeddable":true,"href":"https:\/\/www.blomenroehr.com\/en\/wp-json\/wp\/v2\/users\/1"}],"replies":[{"embeddable":true,"href":"https:\/\/www.blomenroehr.com\/en\/wp-json\/wp\/v2\/comments?post=2956"}],"version-history":[{"count":5,"href":"https:\/\/www.blomenroehr.com\/en\/wp-json\/wp\/v2\/pages\/2956\/revisions"}],"predecessor-version":[{"id":3116,"href":"https:\/\/www.blomenroehr.com\/en\/wp-json\/wp\/v2\/pages\/2956\/revisions\/3116"}],"wp:featuredmedia":[{"embeddable":true,"href":"https:\/\/www.blomenroehr.com\/en\/wp-json\/wp\/v2\/media\/2879"}],"wp:attachment":[{"href":"https:\/\/www.blomenroehr.com\/en\/wp-json\/wp\/v2\/media?parent=2956"}],"curies":[{"name":"wp","href":"https:\/\/api.w.org\/{rel}","templated":true}]}}