{"id":2952,"date":"2016-10-18T10:52:13","date_gmt":"2016-10-18T08:52:13","guid":{"rendered":"http:\/\/www.blomenroehr.com\/en\/impressum\/"},"modified":"2016-10-18T10:52:13","modified_gmt":"2016-10-18T08:52:13","slug":"impressum","status":"publish","type":"page","link":"https:\/\/www.blomenroehr.com\/en\/impressum\/","title":{"rendered":"Impressum"},"content":{"rendered":"<p style=\"text-align: justify;\"><strong>Blomenr\u00f6hr Fahrzeugbau GmbH<\/strong><br \/>\nSchneidweg 31<br \/>\n59590 Geseke<\/p>\n<p>Tel.: 02942-5799770<br \/>\nE-Mail: <a href=\"mailto:info@blomenroehr.com\">info@blomenroehr.com<\/a><\/p>\n<p style=\"text-align: justify;\">Sitz der Gesellschaft:<br \/>\nGeseke<\/p>\n<p>Handelsregister Amtsgericht Paderborn:<br \/>\nHRB5311<\/p>\n<p style=\"text-align: justify;\">Gesch\u00e4ftsf\u00fchrer:<br \/>\nJoachim Wenzel und Cordula Wenzel<\/p>\n<p style=\"text-align: justify;\">Umsatzsteuer ID:<br \/>\nDE125740722<\/p>\n<p style=\"text-align: justify;\"><strong>\u00a0<\/strong><\/p>\n<p style=\"text-align: justify;\"><strong>Rechtliche Hinweise<\/strong><br \/>\nDie Informationen auf unserer Website sind mit gr\u00f6\u00dftm\u00f6glicher Sorgfalt zusammengestellt. Wir bem\u00fchen uns, diese Website auf dem jeweils neuesten Stand zu halten und die Informationen m\u00f6glichst richtig und vollst\u00e4ndig darzustellen. F\u00fcr die Aktualit\u00e4t der Informationen oder die Richtigkeit, Vollst\u00e4ndigkeit oder Eignung der Informationen f\u00fcr bestimmte Verwendungszwecke \u00fcbernehmen wir jedoch keine Gew\u00e4hr. Wir behalten uns das Recht vor, die Website im Hinblick auf Inhalte oder Format jederzeit zu \u00e4ndern.<\/p>\n<p style=\"text-align: justify;\"><strong>Fremde Inhalte<\/strong><br \/>\nSofern sich auf unserer Website Links zu Internetseiten anderer Anbieter finden, dient dies alleine der Nutzerfreundlichkeit. Die Inhalte verlinkter Internetseiten stammen nicht von uns und geben nicht unsere Meinung wieder, sodass wir daher keine Haftung oder Verantwortung daf\u00fcr \u00fcbernehmen. Wir erkl\u00e4ren hiermit ausdr\u00fccklich, dass zum Zeitpunkt der Linksetzung keine illegalen Inhalte auf den zu verlinkenden Seiten erkennbar waren. Auf die aktuelle und zuk\u00fcnftige Gestaltung, die Inhalte oder die Urheberschaft der gelinkten\/verkn\u00fcpften Seiten haben wir keinerlei Einfluss.<\/p>\n<p style=\"text-align: justify;\"><strong>Rechte<br \/>\n<\/strong>Das Copyright von auf dieser Website verwendeten Bildern, Grafiken, Dateien, Texten und sonstigen Inhalten sowie deren Anordnung sind ausschlie\u00dflich uns bzw. dem jeweiligen Rechteinhaber vorbehalten. Sie unterliegen dem Urheberrechtsschutz, Markenrecht oder sonstigen Schutzrechten. Die Vervielf\u00e4ltigung, Ver\u00f6ffentlichung, Weiterverarbeitung oder sonstige Verwendung in elektronischen Medien, anderen Websites, Print-Medien oder auf sonstige Weise bedarf sowohl zur privaten als auch zur kommerziellen Nutzung unserer vorherigen ausdr\u00fccklichen schriftlichen Zustimmung, auf die kein Anspruch besteht.<\/p>\n","protected":false},"excerpt":{"rendered":"<p>Blomenr\u00f6hr Fahrzeugbau GmbH Schneidweg 31 59590 Geseke Tel.: 02942-5799770 E-Mail: info@blomenroehr.com Sitz der Gesellschaft: Geseke Handelsregister Amtsgericht Paderborn: HRB5311 Gesch\u00e4ftsf\u00fchrer: Joachim &#8230;<\/p>\n","protected":false},"author":1,"featured_media":0,"parent":0,"menu_order":0,"comment_status":"closed","ping_status":"closed","template":"","meta":{"footnotes":""},"class_list":["post-2952","page","type-page","status-publish","hentry"],"yoast_head":"<!-- This site is optimized with the Yoast SEO plugin v26.2 - https:\/\/yoast.com\/wordpress\/plugins\/seo\/ -->\n<title>Impressum | Blomenr\u00f6hr Fahrzeugbau<\/title>\n<meta name=\"robots\" content=\"index, follow, max-snippet:-1, max-image-preview:large, max-video-preview:-1\" \/>\n<link rel=\"canonical\" href=\"https:\/\/www.blomenroehr.com\/en\/impressum\/\" \/>\n<meta property=\"og:locale\" content=\"en_US\" \/>\n<meta property=\"og:type\" content=\"article\" \/>\n<meta property=\"og:title\" content=\"Impressum | Blomenr\u00f6hr Fahrzeugbau\" \/>\n<meta property=\"og:description\" content=\"Blomenr\u00f6hr Fahrzeugbau GmbH Schneidweg 31 59590 Geseke Tel.: 02942-5799770 E-Mail: info@blomenroehr.com Sitz der Gesellschaft: Geseke Handelsregister Amtsgericht Paderborn: HRB5311 Gesch\u00e4ftsf\u00fchrer: Joachim ...\" \/>\n<meta property=\"og:url\" content=\"https:\/\/www.blomenroehr.com\/en\/impressum\/\" \/>\n<meta property=\"og:site_name\" content=\"Blomenr\u00f6hr Fahrzeugbau\" \/>\n<meta property=\"article:publisher\" content=\"https:\/\/www.facebook.com\/Blomenr%c3%b6hr-Fahrzeugbau-GmbH-1576816849310865\/\" \/>\n<meta name=\"twitter:card\" content=\"summary_large_image\" \/>\n<meta name=\"twitter:label1\" content=\"Est. reading time\" \/>\n\t<meta name=\"twitter:data1\" content=\"1 minute\" \/>\n<script type=\"application\/ld+json\" class=\"yoast-schema-graph\">{\"@context\":\"https:\/\/schema.org\",\"@graph\":[{\"@type\":\"WebPage\",\"@id\":\"https:\/\/www.blomenroehr.com\/en\/impressum\/\",\"url\":\"https:\/\/www.blomenroehr.com\/en\/impressum\/\",\"name\":\"Impressum | Blomenr\u00f6hr Fahrzeugbau\",\"isPartOf\":{\"@id\":\"https:\/\/www.blomenroehr.com\/#website\"},\"datePublished\":\"2016-10-18T08:52:13+00:00\",\"breadcrumb\":{\"@id\":\"https:\/\/www.blomenroehr.com\/en\/impressum\/#breadcrumb\"},\"inLanguage\":\"en-US\",\"potentialAction\":[{\"@type\":\"ReadAction\",\"target\":[\"https:\/\/www.blomenroehr.com\/en\/impressum\/\"]}]},{\"@type\":\"BreadcrumbList\",\"@id\":\"https:\/\/www.blomenroehr.com\/en\/impressum\/#breadcrumb\",\"itemListElement\":[{\"@type\":\"ListItem\",\"position\":1,\"name\":\"Startseite\",\"item\":\"https:\/\/www.blomenroehr.com\/en\/\"},{\"@type\":\"ListItem\",\"position\":2,\"name\":\"Impressum\"}]},{\"@type\":\"WebSite\",\"@id\":\"https:\/\/www.blomenroehr.com\/#website\",\"url\":\"https:\/\/www.blomenroehr.com\/\",\"name\":\"Blomenr\u00f6hr Fahrzeugbau\",\"description\":\"Ihre innovative Anh\u00e4nger Manufaktur\",\"potentialAction\":[{\"@type\":\"SearchAction\",\"target\":{\"@type\":\"EntryPoint\",\"urlTemplate\":\"https:\/\/www.blomenroehr.com\/?s={search_term_string}\"},\"query-input\":{\"@type\":\"PropertyValueSpecification\",\"valueRequired\":true,\"valueName\":\"search_term_string\"}}],\"inLanguage\":\"en-US\"}]}<\/script>\n<!-- \/ Yoast SEO plugin. -->","yoast_head_json":{"title":"Impressum | Blomenr\u00f6hr Fahrzeugbau","robots":{"index":"index","follow":"follow","max-snippet":"max-snippet:-1","max-image-preview":"max-image-preview:large","max-video-preview":"max-video-preview:-1"},"canonical":"https:\/\/www.blomenroehr.com\/en\/impressum\/","og_locale":"en_US","og_type":"article","og_title":"Impressum | Blomenr\u00f6hr Fahrzeugbau","og_description":"Blomenr\u00f6hr Fahrzeugbau GmbH Schneidweg 31 59590 Geseke Tel.: 02942-5799770 E-Mail: info@blomenroehr.com Sitz der Gesellschaft: Geseke Handelsregister Amtsgericht Paderborn: HRB5311 Gesch\u00e4ftsf\u00fchrer: Joachim ...","og_url":"https:\/\/www.blomenroehr.com\/en\/impressum\/","og_site_name":"Blomenr\u00f6hr Fahrzeugbau","article_publisher":"https:\/\/www.facebook.com\/Blomenr%c3%b6hr-Fahrzeugbau-GmbH-1576816849310865\/","twitter_card":"summary_large_image","twitter_misc":{"Est. reading time":"1 minute"},"schema":{"@context":"https:\/\/schema.org","@graph":[{"@type":"WebPage","@id":"https:\/\/www.blomenroehr.com\/en\/impressum\/","url":"https:\/\/www.blomenroehr.com\/en\/impressum\/","name":"Impressum | Blomenr\u00f6hr Fahrzeugbau","isPartOf":{"@id":"https:\/\/www.blomenroehr.com\/#website"},"datePublished":"2016-10-18T08:52:13+00:00","breadcrumb":{"@id":"https:\/\/www.blomenroehr.com\/en\/impressum\/#breadcrumb"},"inLanguage":"en-US","potentialAction":[{"@type":"ReadAction","target":["https:\/\/www.blomenroehr.com\/en\/impressum\/"]}]},{"@type":"BreadcrumbList","@id":"https:\/\/www.blomenroehr.com\/en\/impressum\/#breadcrumb","itemListElement":[{"@type":"ListItem","position":1,"name":"Startseite","item":"https:\/\/www.blomenroehr.com\/en\/"},{"@type":"ListItem","position":2,"name":"Impressum"}]},{"@type":"WebSite","@id":"https:\/\/www.blomenroehr.com\/#website","url":"https:\/\/www.blomenroehr.com\/","name":"Blomenr\u00f6hr Fahrzeugbau","description":"Ihre innovative Anh\u00e4nger Manufaktur","potentialAction":[{"@type":"SearchAction","target":{"@type":"EntryPoint","urlTemplate":"https:\/\/www.blomenroehr.com\/?s={search_term_string}"},"query-input":{"@type":"PropertyValueSpecification","valueRequired":true,"valueName":"search_term_string"}}],"inLanguage":"en-US"}]}},"_links":{"self":[{"href":"https:\/\/www.blomenroehr.com\/en\/wp-json\/wp\/v2\/pages\/2952","targetHints":{"allow":["GET"]}}],"collection":[{"href":"https:\/\/www.blomenroehr.com\/en\/wp-json\/wp\/v2\/pages"}],"about":[{"href":"https:\/\/www.blomenroehr.com\/en\/wp-json\/wp\/v2\/types\/page"}],"author":[{"embeddable":true,"href":"https:\/\/www.blomenroehr.com\/en\/wp-json\/wp\/v2\/users\/1"}],"replies":[{"embeddable":true,"href":"https:\/\/www.blomenroehr.com\/en\/wp-json\/wp\/v2\/comments?post=2952"}],"version-history":[{"count":0,"href":"https:\/\/www.blomenroehr.com\/en\/wp-json\/wp\/v2\/pages\/2952\/revisions"}],"wp:attachment":[{"href":"https:\/\/www.blomenroehr.com\/en\/wp-json\/wp\/v2\/media?parent=2952"}],"curies":[{"name":"wp","href":"https:\/\/api.w.org\/{rel}","templated":true}]}}