{"id":2951,"date":"2016-10-03T10:47:01","date_gmt":"2016-10-03T08:47:01","guid":{"rendered":"http:\/\/www.blomenroehr.com\/en\/gebrauchtfahrzeuge-mietfahrzeuge\/"},"modified":"2026-03-17T16:59:35","modified_gmt":"2026-03-17T15:59:35","slug":"gebrauchtfahrzeuge-mietfahrzeuge","status":"publish","type":"page","link":"https:\/\/www.blomenroehr.com\/en\/gebrauchtfahrzeuge-mietfahrzeuge\/","title":{"rendered":"Lieferbare Neu- und Gebrauchtfahrzeuge"},"content":{"rendered":"<div class=\"wpb-content-wrapper\"><p>[vc_row margin_top=&#8221;0&#8243; margin_bottom=&#8221;0&#8243; padding_top=&#8221;0&#8243; padding_bottom=&#8221;0&#8243;][vc_column][vc_column_text css=&#8221;.vc_custom_1699345329846{margin-bottom: 0px !important;padding-bottom: 0px !important;}&#8221;]<\/p>\n<h3>Unsere Vorrats-, Ausstellungs- oder Gebrauchtfahrzeuge<\/h3>\n<p>[\/vc_column_text][vc_masonry_media_grid element_width=&#8221;3&#8243; gap=&#8221;30&#8243; css=&#8221;.vc_custom_1699345992835{margin-top: 0px !important;padding-top: 20px !important;}&#8221; initial_loading_animation=&#8221;none&#8221; grid_id=&#8221;vc_gid:1773763151195-a98d842e-6099-0&#8243; include=&#8221;4437,7204,6614,4456&#8243;][vc_empty_space height=&#8221;20px&#8221;][vc_column_text]In der Regel bauen wir unsere Fahrzeuge auf Kundenwunsch und -auftrag! Folgende einzelne Vorrats-, Vorf\u00fchr- oder Ausstellungsfahrzeuge in beschriebener Ausstattung stehen zur Zeit ab Werk zur sofortigen Lieferung zur Verf\u00fcgung. Ebenso sind verf\u00fcgbare Gebrauchtfahrzeuge gelistet. Bitte fragen Sie die Fahrzeuge \u00fcber den Kontaktbutton an![\/vc_column_text][\/vc_column][\/vc_row][vc_row padding_bottom=&#8221;0&#8243; padding_left=&#8221;0&#8243; padding_right=&#8221;0&#8243;][vc_column][vc_column_text css=&#8221;.vc_custom_1730966302522{margin-bottom: 10px !important;padding-bottom: 10px !important;}&#8221;]<\/p>\n<h3>Tandem-Durchfahrtieflader Typ 554\/8900 &#8211; Maschinentransporter, Neufahrzeug<\/h3>\n<p>[\/vc_column_text][vc_row_inner css=&#8221;.vc_custom_1477436281468{margin-right: 0px !important;margin-left: -20px !important;padding-right: 0px !important;padding-left: 0px !important;}&#8221;][vc_column_inner width=&#8221;1\/2&#8243;][vc_column_text css=&#8221;&#8221;]<strong>Fahrzeugtyp: <\/strong>Tandem-Durchfahrtieflader Typ 554\/8900<\/p>\n<p><strong>Gesamtgewicht: <\/strong>8900kg<strong><br \/>\n<\/strong><\/p>\n<p><strong>Nutzlast: <\/strong>ca. 6460kg<strong><br \/>\n<\/strong><\/p>\n<p><strong>Baujahr:\u00a0<\/strong> 2025, Neufahrzeug, nicht zugelassen<strong><br \/>\n<\/strong>[\/vc_column_text][\/vc_column_inner][vc_column_inner width=&#8221;1\/2&#8243;][vc_column_text css=&#8221;&#8221;]<strong>Ma\u00dfe Ladefl\u00e4che (L x B):<\/strong> 5,00 x 2,03m<strong><br \/>\n<\/strong><\/p>\n<p><strong>Rampen:<\/strong> Stahlrampen 2200x500mm, mit verzinkten Gitterrosten und Gasdruckd\u00e4mpfern<\/p>\n<p><strong>Ladeh\u00f6he:<\/strong> 66cm<\/p>\n<p><strong>Farbe: <\/strong>Chassis und Rampen feuerverzinkt<strong><br \/>\n<\/strong>[\/vc_column_text][\/vc_column_inner][\/vc_row_inner][vc_row_inner css=&#8221;.vc_custom_1477436254382{margin-left: -20px !important;padding-right: 0px !important;padding-left: 0px !important;}&#8221;][vc_column_inner][vc_column_text css=&#8221;&#8221;]<strong>Ausstattung:<br \/>\n<\/strong><\/p>\n<ul>\n<li>EBS Bremsanlage (Multivoltage) mit TEM (automatische Parkbremse) und Federspeicherbremse<\/li>\n<li>Chassis, Aufbau und Rampen im Tauchbad feuerverzinkt<\/li>\n<li>h\u00f6henverstellbare Zugdeichsel von 0,72-1,02m mit 40mm Zug\u00f6se<\/li>\n<li>verzinkte Gitterroste in den Rampen mit Gasdruckd\u00e4mpfern<\/li>\n<li>Werkzeugkasten an der Stirnwand<\/li>\n<li>Reifendruckkontrolle (RDK\/TPMS)<\/li>\n<li>Elektrik: 24V, 15polig<\/li>\n<\/ul>\n<p><strong>Preis:<\/strong><br \/>\n<span style=\"color: #ff0000;\"><strong>auf Anfrage<br \/>\n<\/strong><\/span><\/p>\n<p style=\"text-align: justify;\"><strong>Fotos<\/strong><\/p>\n<p>[\/vc_column_text][vc_masonry_media_grid element_width=&#8221;6&#8243; gap=&#8221;30&#8243; css=&#8221;&#8221; initial_loading_animation=&#8221;none&#8221; grid_id=&#8221;vc_gid:1773763151197-36d2c5b5-111a-3&#8243; include=&#8221;7784,7780,7782&#8243;][vc_empty_space height=&#8221;20px&#8221;][vc_btn title=&#8221;Kontaktieren Sie uns!&#8221; color=&#8221;primary&#8221; align=&#8221;center&#8221; button_block=&#8221;true&#8221; link=&#8221;url:%2Fkontakt%2F|title:Tiefladerpritsche%20Anfrage&#8221;][\/vc_column_inner][\/vc_row_inner][vc_separator color=&#8221;blue&#8221; style=&#8221;dotted&#8221;][vc_separator color=&#8221;blue&#8221; style=&#8221;dotted&#8221;][\/vc_column][\/vc_row][vc_row padding_bottom=&#8221;0&#8243; padding_left=&#8221;0&#8243; padding_right=&#8221;0&#8243;][vc_column][vc_column_text css=&#8221;.vc_custom_1759155593477{margin-bottom: 10px !important;padding-bottom: 10px !important;}&#8221;]<\/p>\n<h3>Tandem-Dreiseitenkipper Typ 884\/11900 &#8211; Gebrauchtfahrzeug, Baujahr 2024<\/h3>\n<p>[\/vc_column_text][vc_row_inner css=&#8221;.vc_custom_1477436281468{margin-right: 0px !important;margin-left: -20px !important;padding-right: 0px !important;padding-left: 0px !important;}&#8221;][vc_column_inner width=&#8221;1\/2&#8243;][vc_column_text css=&#8221;&#8221;]<strong>Fahrzeugtyp: <\/strong>Tandem-Dreiseitenkipper 884\/11900<\/p>\n<p><strong>Gesamtgewicht: 11900<\/strong>kg<strong><br \/>\n<\/strong><\/p>\n<p><strong>Nutzlast: <\/strong>ca. 8600kg<strong><br \/>\n<\/strong><\/p>\n<p><strong>Baujahr:\u00a0<\/strong> 2024, Gebrauchtfahrzeug kaum genutzt; EZ 02\/2024<strong><br \/>\n<\/strong>[\/vc_column_text][\/vc_column_inner][vc_column_inner width=&#8221;1\/2&#8243;][vc_column_text css=&#8221;&#8221;]<strong>Ma\u00dfe Ladefl\u00e4che (L x B):<\/strong> 5,00 x 2,30m<strong><br \/>\n<\/strong><\/p>\n<p><strong>Rampen:<\/strong> Alu-Verladeschienen mit 9000kg Traglast unter der Ladefl\u00e4che<\/p>\n<p><strong>Ladeh\u00f6he:<\/strong> 100cm<\/p>\n<p><strong>Farbe: <\/strong>Chassis feuerverzinkt, Kipperaufbau in RAL2011 tieforange lackiert<strong><br \/>\n<\/strong>[\/vc_column_text][\/vc_column_inner][\/vc_row_inner][vc_empty_space height=&#8221;20px&#8221;][vc_row_inner css=&#8221;.vc_custom_1477436254382{margin-left: -20px !important;padding-right: 0px !important;padding-left: 0px !important;}&#8221;][vc_column_inner][vc_column_text css=&#8221;&#8221;]<strong>Ausstattung:<br \/>\n<\/strong><\/p>\n<ul>\n<li>EBS Bremsanlage (Multivoltage) mit TEM (automatische Parkbremse) und Federspeicherbremse<\/li>\n<li>Chassis im Tauchbad feuerverzinkt<\/li>\n<li>h\u00f6henverstellbare Zugdeichsel von 0,72-1,02m mit 40mm Zug\u00f6se<\/li>\n<li>Stahl-Zusatzbordw\u00e4nde 40cm (abnehmbar)<\/li>\n<li>Federheber an den Seitenbordw\u00e4nden<\/li>\n<li>HARDOX Stahl G\u00fcte 450<\/li>\n<li>Duomatic Kupplung<\/li>\n<li>Werkzeugkasten an der Stirnwand<\/li>\n<li>Elektrik: 24V, 15polig<\/li>\n<\/ul>\n<p><strong>Preis:<\/strong><br \/>\n<span style=\"color: #ff0000;\"><strong>auf Anfrage<br \/>\n<\/strong><\/span><\/p>\n<p style=\"text-align: justify;\"><strong>Fotos<\/strong><\/p>\n<p>[\/vc_column_text][vc_masonry_media_grid gap=&#8221;30&#8243; css=&#8221;&#8221; initial_loading_animation=&#8221;fadeIn&#8221; grid_id=&#8221;vc_gid:1773763151198-5ecf0957-07db-10&#8243; include=&#8221;8254,8252,8260,8262,8264,8266,8268&#8243;][vc_btn title=&#8221;Kontaktieren Sie uns!&#8221; color=&#8221;primary&#8221; align=&#8221;center&#8221; button_block=&#8221;true&#8221; link=&#8221;url:%2Fkontakt%2F|title:Tiefladerpritsche%20Anfrage&#8221;][\/vc_column_inner][\/vc_row_inner][vc_separator color=&#8221;blue&#8221; style=&#8221;dotted&#8221;][\/vc_column][\/vc_row][vc_row margin_top=&#8221;0&#8243; padding_top=&#8221;0&#8243;][vc_column][vc_empty_space height=&#8221;60px&#8221;][vc_column_text css=&#8221;&#8221;]<\/p>\n<p style=\"text-align: justify;\"><em><strong>Wenn Sie hier keine Gebrauchtfahrzeuge finden, kann das daran liegen, wie der Trailer-Tester Volkher Braun vom KFZ-Anzeiger treffend festgestellt hat:<\/strong> <\/em><\/p>\n<p style=\"text-align: justify;\"><em>\u201eEs gibt Fahrzeughersteller, deren Trailer auf dem Gebrauchtmarkt so gut wie nicht zu kaufen sind. Weil die Erst-Erwerber halt nicht abzugeben haben. Zu dieser Art Fahrzeugbau-Unternehmen geh\u00f6rt Blomenr\u00f6hr in Geseke. \u201c (\u00dcberschrift KFZ-Anzeiger Ausgabe 12\/2015, Seite 36) <\/em><\/p>\n<p>[\/vc_column_text][\/vc_column][\/vc_row]<\/p>\n<\/div>","protected":false},"excerpt":{"rendered":"<p>[vc_row margin_top=&#8221;0&#8243; margin_bottom=&#8221;0&#8243; padding_top=&#8221;0&#8243; padding_bottom=&#8221;0&#8243;][vc_column][vc_column_text css=&#8221;.vc_custom_1699345329846{margin-bottom: 0px !important;padding-bottom: 0px !important;}&#8221;] Unsere Vorrats-, Ausstellungs- oder Gebrauchtfahrzeuge [\/vc_column_text][vc_masonry_media_grid element_width=&#8221;3&#8243; gap=&#8221;30&#8243; css=&#8221;.vc_custom_1699345992835{margin-top: 0px !important;padding-top: &#8230;<\/p>\n","protected":false},"author":1,"featured_media":0,"parent":0,"menu_order":0,"comment_status":"closed","ping_status":"closed","template":"","meta":{"footnotes":""},"class_list":["post-2951","page","type-page","status-publish","hentry"],"yoast_head":"<!-- This site is optimized with the Yoast SEO plugin v26.2 - https:\/\/yoast.com\/wordpress\/plugins\/seo\/ -->\n<title>Lieferbare Neu- und Gebrauchtfahrzeuge | Blomenr\u00f6hr Fahrzeugbau<\/title>\n<meta name=\"description\" content=\"Gebrauchtfahrzeuge von Blomenr\u00f6hr! Ma\u00dfgeschneiderte Qualit\u00e4ts-Anh\u00e4nger gebraucht kaufen.\" \/>\n<meta name=\"robots\" content=\"index, follow, max-snippet:-1, max-image-preview:large, max-video-preview:-1\" \/>\n<link rel=\"canonical\" href=\"https:\/\/www.blomenroehr.com\/en\/gebrauchtfahrzeuge-mietfahrzeuge\/\" \/>\n<meta property=\"og:locale\" content=\"en_US\" \/>\n<meta property=\"og:type\" content=\"article\" \/>\n<meta property=\"og:title\" content=\"Lieferbare Neu- und Gebrauchtfahrzeuge | Blomenr\u00f6hr Fahrzeugbau\" \/>\n<meta property=\"og:description\" content=\"Gebrauchtfahrzeuge von Blomenr\u00f6hr! Ma\u00dfgeschneiderte Qualit\u00e4ts-Anh\u00e4nger gebraucht kaufen.\" \/>\n<meta property=\"og:url\" content=\"https:\/\/www.blomenroehr.com\/en\/gebrauchtfahrzeuge-mietfahrzeuge\/\" \/>\n<meta property=\"og:site_name\" content=\"Blomenr\u00f6hr Fahrzeugbau\" \/>\n<meta property=\"article:publisher\" content=\"https:\/\/www.facebook.com\/Blomenr%c3%b6hr-Fahrzeugbau-GmbH-1576816849310865\/\" \/>\n<meta property=\"article:modified_time\" content=\"2026-03-17T15:59:35+00:00\" \/>\n<meta name=\"twitter:card\" content=\"summary_large_image\" \/>\n<meta name=\"twitter:label1\" content=\"Est. reading time\" \/>\n\t<meta name=\"twitter:data1\" content=\"4 minutes\" \/>\n<script type=\"application\/ld+json\" class=\"yoast-schema-graph\">{\"@context\":\"https:\/\/schema.org\",\"@graph\":[{\"@type\":\"WebPage\",\"@id\":\"https:\/\/www.blomenroehr.com\/en\/gebrauchtfahrzeuge-mietfahrzeuge\/\",\"url\":\"https:\/\/www.blomenroehr.com\/en\/gebrauchtfahrzeuge-mietfahrzeuge\/\",\"name\":\"Lieferbare Neu- und Gebrauchtfahrzeuge | Blomenr\u00f6hr Fahrzeugbau\",\"isPartOf\":{\"@id\":\"https:\/\/www.blomenroehr.com\/#website\"},\"datePublished\":\"2016-10-03T08:47:01+00:00\",\"dateModified\":\"2026-03-17T15:59:35+00:00\",\"description\":\"Gebrauchtfahrzeuge von Blomenr\u00f6hr! Ma\u00dfgeschneiderte Qualit\u00e4ts-Anh\u00e4nger gebraucht kaufen.\",\"breadcrumb\":{\"@id\":\"https:\/\/www.blomenroehr.com\/en\/gebrauchtfahrzeuge-mietfahrzeuge\/#breadcrumb\"},\"inLanguage\":\"en-US\",\"potentialAction\":[{\"@type\":\"ReadAction\",\"target\":[\"https:\/\/www.blomenroehr.com\/en\/gebrauchtfahrzeuge-mietfahrzeuge\/\"]}]},{\"@type\":\"BreadcrumbList\",\"@id\":\"https:\/\/www.blomenroehr.com\/en\/gebrauchtfahrzeuge-mietfahrzeuge\/#breadcrumb\",\"itemListElement\":[{\"@type\":\"ListItem\",\"position\":1,\"name\":\"Startseite\",\"item\":\"https:\/\/www.blomenroehr.com\/en\/\"},{\"@type\":\"ListItem\",\"position\":2,\"name\":\"Lieferbare Neu- und Gebrauchtfahrzeuge\"}]},{\"@type\":\"WebSite\",\"@id\":\"https:\/\/www.blomenroehr.com\/#website\",\"url\":\"https:\/\/www.blomenroehr.com\/\",\"name\":\"Blomenr\u00f6hr Fahrzeugbau\",\"description\":\"Ihre innovative Anh\u00e4nger Manufaktur\",\"potentialAction\":[{\"@type\":\"SearchAction\",\"target\":{\"@type\":\"EntryPoint\",\"urlTemplate\":\"https:\/\/www.blomenroehr.com\/?s={search_term_string}\"},\"query-input\":{\"@type\":\"PropertyValueSpecification\",\"valueRequired\":true,\"valueName\":\"search_term_string\"}}],\"inLanguage\":\"en-US\"}]}<\/script>\n<!-- \/ Yoast SEO plugin. -->","yoast_head_json":{"title":"Lieferbare Neu- und Gebrauchtfahrzeuge | Blomenr\u00f6hr Fahrzeugbau","description":"Gebrauchtfahrzeuge von Blomenr\u00f6hr! Ma\u00dfgeschneiderte Qualit\u00e4ts-Anh\u00e4nger gebraucht kaufen.","robots":{"index":"index","follow":"follow","max-snippet":"max-snippet:-1","max-image-preview":"max-image-preview:large","max-video-preview":"max-video-preview:-1"},"canonical":"https:\/\/www.blomenroehr.com\/en\/gebrauchtfahrzeuge-mietfahrzeuge\/","og_locale":"en_US","og_type":"article","og_title":"Lieferbare Neu- und Gebrauchtfahrzeuge | Blomenr\u00f6hr Fahrzeugbau","og_description":"Gebrauchtfahrzeuge von Blomenr\u00f6hr! Ma\u00dfgeschneiderte Qualit\u00e4ts-Anh\u00e4nger gebraucht kaufen.","og_url":"https:\/\/www.blomenroehr.com\/en\/gebrauchtfahrzeuge-mietfahrzeuge\/","og_site_name":"Blomenr\u00f6hr Fahrzeugbau","article_publisher":"https:\/\/www.facebook.com\/Blomenr%c3%b6hr-Fahrzeugbau-GmbH-1576816849310865\/","article_modified_time":"2026-03-17T15:59:35+00:00","twitter_card":"summary_large_image","twitter_misc":{"Est. reading time":"4 minutes"},"schema":{"@context":"https:\/\/schema.org","@graph":[{"@type":"WebPage","@id":"https:\/\/www.blomenroehr.com\/en\/gebrauchtfahrzeuge-mietfahrzeuge\/","url":"https:\/\/www.blomenroehr.com\/en\/gebrauchtfahrzeuge-mietfahrzeuge\/","name":"Lieferbare Neu- und Gebrauchtfahrzeuge | Blomenr\u00f6hr Fahrzeugbau","isPartOf":{"@id":"https:\/\/www.blomenroehr.com\/#website"},"datePublished":"2016-10-03T08:47:01+00:00","dateModified":"2026-03-17T15:59:35+00:00","description":"Gebrauchtfahrzeuge von Blomenr\u00f6hr! Ma\u00dfgeschneiderte Qualit\u00e4ts-Anh\u00e4nger gebraucht kaufen.","breadcrumb":{"@id":"https:\/\/www.blomenroehr.com\/en\/gebrauchtfahrzeuge-mietfahrzeuge\/#breadcrumb"},"inLanguage":"en-US","potentialAction":[{"@type":"ReadAction","target":["https:\/\/www.blomenroehr.com\/en\/gebrauchtfahrzeuge-mietfahrzeuge\/"]}]},{"@type":"BreadcrumbList","@id":"https:\/\/www.blomenroehr.com\/en\/gebrauchtfahrzeuge-mietfahrzeuge\/#breadcrumb","itemListElement":[{"@type":"ListItem","position":1,"name":"Startseite","item":"https:\/\/www.blomenroehr.com\/en\/"},{"@type":"ListItem","position":2,"name":"Lieferbare Neu- und Gebrauchtfahrzeuge"}]},{"@type":"WebSite","@id":"https:\/\/www.blomenroehr.com\/#website","url":"https:\/\/www.blomenroehr.com\/","name":"Blomenr\u00f6hr Fahrzeugbau","description":"Ihre innovative Anh\u00e4nger Manufaktur","potentialAction":[{"@type":"SearchAction","target":{"@type":"EntryPoint","urlTemplate":"https:\/\/www.blomenroehr.com\/?s={search_term_string}"},"query-input":{"@type":"PropertyValueSpecification","valueRequired":true,"valueName":"search_term_string"}}],"inLanguage":"en-US"}]}},"_links":{"self":[{"href":"https:\/\/www.blomenroehr.com\/en\/wp-json\/wp\/v2\/pages\/2951","targetHints":{"allow":["GET"]}}],"collection":[{"href":"https:\/\/www.blomenroehr.com\/en\/wp-json\/wp\/v2\/pages"}],"about":[{"href":"https:\/\/www.blomenroehr.com\/en\/wp-json\/wp\/v2\/types\/page"}],"author":[{"embeddable":true,"href":"https:\/\/www.blomenroehr.com\/en\/wp-json\/wp\/v2\/users\/1"}],"replies":[{"embeddable":true,"href":"https:\/\/www.blomenroehr.com\/en\/wp-json\/wp\/v2\/comments?post=2951"}],"version-history":[{"count":92,"href":"https:\/\/www.blomenroehr.com\/en\/wp-json\/wp\/v2\/pages\/2951\/revisions"}],"predecessor-version":[{"id":8415,"href":"https:\/\/www.blomenroehr.com\/en\/wp-json\/wp\/v2\/pages\/2951\/revisions\/8415"}],"wp:attachment":[{"href":"https:\/\/www.blomenroehr.com\/en\/wp-json\/wp\/v2\/media?parent=2951"}],"curies":[{"name":"wp","href":"https:\/\/api.w.org\/{rel}","templated":true}]}}