{"id":2950,"date":"2016-10-03T10:44:42","date_gmt":"2016-10-03T08:44:42","guid":{"rendered":"http:\/\/www.blomenroehr.com\/en\/ersatzteilservice\/"},"modified":"2016-12-07T16:06:05","modified_gmt":"2016-12-07T15:06:05","slug":"spare-parts-services","status":"publish","type":"page","link":"https:\/\/www.blomenroehr.com\/en\/spare-parts-services\/","title":{"rendered":"Spare Parts Services"},"content":{"rendered":"<div class=\"wpb-content-wrapper\"><p>[vc_row margin_top=&#8221;0&#8243; padding_top=&#8221;0&#8243;][vc_column][vc_column_text]<\/p>\n<h3 style=\"text-align: justify;\">Spare Parts Services<\/h3>\n<p style=\"text-align: justify;\">Since over 53 years we build trailers and tippers. The good thing about it: also for very old models we can provide spare parts or do have them in stock! Therefore our trailers are really long-lasting.<\/p>\n<p style=\"text-align: justify;\">We have most of the current spare-parts in stock, so that a quick supply can be guaranteed. With pleasure we can send you spare part lists of the brakes, overrun brakes, winches etc.<\/p>\n<p class=\"p1\"><span class=\"s1\">For a quick transaction we need the<strong> chassis number<\/strong> of your Blomenr\u00f6hr trialer. You find the chassis number at the type plate in the direction to the right at the front wall or in your trailer documentation.<br \/>\n<\/span><\/p>\n<p style=\"text-align: justify;\">We will send the parts via DHL, DPD, UPS, TNT or NVS. As a payment possibility we offer direct debit mandate, advance payment or collect on delivery.<\/p>\n<p>[\/vc_column_text][vc_message]Please be advised to apply only original spare parts! Otherwise the operation licence will expire &#8211; this is very important for trailers with COC \/EC-type approval![\/vc_message][\/vc_column][\/vc_row][vc_row margin_top=&#8221;-10&#8243; padding_top=&#8221;0&#8243;][vc_column width=&#8221;1\/3&#8243;][vc_masonry_media_grid element_width=&#8221;12&#8243; gap=&#8221;0&#8243; grid_id=&#8221;vc_gid:1481120909432-ecc2f23924d30acf14d028bfe061f557-5&#8243; include=&#8221;1420&#8243;][\/vc_column][vc_column width=&#8221;2\/3&#8243;][vc_column_text]<\/p>\n<p style=\"text-align: justify;\">I would like to help you &#8211; please send me an email with your request to <a href=\"mailto:ingo.schuessler@blomenroehr.com\">ingo.schuessler@blomenroehr.com<\/a>.<\/p>\n<p class=\"p1\"><span class=\"s1\">Also I would like to help you to offer a reparation or reconstruction of your trailer. For our trailers renovations works are worth their money in order to use them longer. Also we can offer the steel blasting and varnishing.<\/span><\/p>\n<p>[\/vc_column_text][\/vc_column][\/vc_row][vc_row margin_top=&#8221;-20&#8243; padding_top=&#8221;0&#8243;][vc_column][vc_column_text]<\/p>\n<p style=\"text-align: justify;\"><strong>Your Ingo Sch\u00fc\u00dfler<\/strong><br \/>\n<em>Spare parts service<\/em><\/p>\n<p>[\/vc_column_text][\/vc_column][\/vc_row]<\/p>\n<\/div>","protected":false},"excerpt":{"rendered":"<p>[vc_row margin_top=&#8221;0&#8243; padding_top=&#8221;0&#8243;][vc_column][vc_column_text] Spare Parts Services Since over 53 years we build trailers and tippers. The good thing about it: also &#8230;<\/p>\n","protected":false},"author":1,"featured_media":0,"parent":0,"menu_order":0,"comment_status":"closed","ping_status":"closed","template":"","meta":{"footnotes":""},"class_list":["post-2950","page","type-page","status-publish","hentry"],"yoast_head":"<!-- This site is optimized with the Yoast SEO plugin v26.2 - https:\/\/yoast.com\/wordpress\/plugins\/seo\/ -->\n<title>Spare Parts Services | Blomenr\u00f6hr Fahrzeugbau<\/title>\n<meta name=\"description\" content=\"Wir f\u00fchren alle g\u00e4ngigen Ersatzteile f\u00fcr unsere Anh\u00e4nger vorr\u00e4tig, damit eine schnelle Ersatzteilversorgung garantiert ist.\" \/>\n<meta name=\"robots\" content=\"index, follow, max-snippet:-1, max-image-preview:large, max-video-preview:-1\" \/>\n<link rel=\"canonical\" href=\"https:\/\/www.blomenroehr.com\/en\/spare-parts-services\/\" \/>\n<meta property=\"og:locale\" content=\"en_US\" \/>\n<meta property=\"og:type\" content=\"article\" \/>\n<meta property=\"og:title\" content=\"Spare Parts Services | Blomenr\u00f6hr Fahrzeugbau\" \/>\n<meta property=\"og:description\" content=\"Wir f\u00fchren alle g\u00e4ngigen Ersatzteile f\u00fcr unsere Anh\u00e4nger vorr\u00e4tig, damit eine schnelle Ersatzteilversorgung garantiert ist.\" \/>\n<meta property=\"og:url\" content=\"https:\/\/www.blomenroehr.com\/en\/spare-parts-services\/\" \/>\n<meta property=\"og:site_name\" content=\"Blomenr\u00f6hr Fahrzeugbau\" \/>\n<meta property=\"article:publisher\" content=\"https:\/\/www.facebook.com\/Blomenr%c3%b6hr-Fahrzeugbau-GmbH-1576816849310865\/\" \/>\n<meta property=\"article:modified_time\" content=\"2016-12-07T15:06:05+00:00\" \/>\n<meta name=\"twitter:card\" content=\"summary_large_image\" \/>\n<meta name=\"twitter:label1\" content=\"Est. reading time\" \/>\n\t<meta name=\"twitter:data1\" content=\"2 minutes\" \/>\n<script type=\"application\/ld+json\" class=\"yoast-schema-graph\">{\"@context\":\"https:\/\/schema.org\",\"@graph\":[{\"@type\":\"WebPage\",\"@id\":\"https:\/\/www.blomenroehr.com\/en\/spare-parts-services\/\",\"url\":\"https:\/\/www.blomenroehr.com\/en\/spare-parts-services\/\",\"name\":\"Spare Parts Services | Blomenr\u00f6hr Fahrzeugbau\",\"isPartOf\":{\"@id\":\"https:\/\/www.blomenroehr.com\/#website\"},\"datePublished\":\"2016-10-03T08:44:42+00:00\",\"dateModified\":\"2016-12-07T15:06:05+00:00\",\"description\":\"Wir f\u00fchren alle g\u00e4ngigen Ersatzteile f\u00fcr unsere Anh\u00e4nger vorr\u00e4tig, damit eine schnelle Ersatzteilversorgung garantiert ist.\",\"breadcrumb\":{\"@id\":\"https:\/\/www.blomenroehr.com\/en\/spare-parts-services\/#breadcrumb\"},\"inLanguage\":\"en-US\",\"potentialAction\":[{\"@type\":\"ReadAction\",\"target\":[\"https:\/\/www.blomenroehr.com\/en\/spare-parts-services\/\"]}]},{\"@type\":\"BreadcrumbList\",\"@id\":\"https:\/\/www.blomenroehr.com\/en\/spare-parts-services\/#breadcrumb\",\"itemListElement\":[{\"@type\":\"ListItem\",\"position\":1,\"name\":\"Startseite\",\"item\":\"https:\/\/www.blomenroehr.com\/en\/\"},{\"@type\":\"ListItem\",\"position\":2,\"name\":\"Spare Parts Services\"}]},{\"@type\":\"WebSite\",\"@id\":\"https:\/\/www.blomenroehr.com\/#website\",\"url\":\"https:\/\/www.blomenroehr.com\/\",\"name\":\"Blomenr\u00f6hr Fahrzeugbau\",\"description\":\"Ihre innovative Anh\u00e4nger Manufaktur\",\"potentialAction\":[{\"@type\":\"SearchAction\",\"target\":{\"@type\":\"EntryPoint\",\"urlTemplate\":\"https:\/\/www.blomenroehr.com\/?s={search_term_string}\"},\"query-input\":{\"@type\":\"PropertyValueSpecification\",\"valueRequired\":true,\"valueName\":\"search_term_string\"}}],\"inLanguage\":\"en-US\"}]}<\/script>\n<!-- \/ Yoast SEO plugin. -->","yoast_head_json":{"title":"Spare Parts Services | Blomenr\u00f6hr Fahrzeugbau","description":"Wir f\u00fchren alle g\u00e4ngigen Ersatzteile f\u00fcr unsere Anh\u00e4nger vorr\u00e4tig, damit eine schnelle Ersatzteilversorgung garantiert ist.","robots":{"index":"index","follow":"follow","max-snippet":"max-snippet:-1","max-image-preview":"max-image-preview:large","max-video-preview":"max-video-preview:-1"},"canonical":"https:\/\/www.blomenroehr.com\/en\/spare-parts-services\/","og_locale":"en_US","og_type":"article","og_title":"Spare Parts Services | Blomenr\u00f6hr Fahrzeugbau","og_description":"Wir f\u00fchren alle g\u00e4ngigen Ersatzteile f\u00fcr unsere Anh\u00e4nger vorr\u00e4tig, damit eine schnelle Ersatzteilversorgung garantiert ist.","og_url":"https:\/\/www.blomenroehr.com\/en\/spare-parts-services\/","og_site_name":"Blomenr\u00f6hr Fahrzeugbau","article_publisher":"https:\/\/www.facebook.com\/Blomenr%c3%b6hr-Fahrzeugbau-GmbH-1576816849310865\/","article_modified_time":"2016-12-07T15:06:05+00:00","twitter_card":"summary_large_image","twitter_misc":{"Est. reading time":"2 minutes"},"schema":{"@context":"https:\/\/schema.org","@graph":[{"@type":"WebPage","@id":"https:\/\/www.blomenroehr.com\/en\/spare-parts-services\/","url":"https:\/\/www.blomenroehr.com\/en\/spare-parts-services\/","name":"Spare Parts Services | Blomenr\u00f6hr Fahrzeugbau","isPartOf":{"@id":"https:\/\/www.blomenroehr.com\/#website"},"datePublished":"2016-10-03T08:44:42+00:00","dateModified":"2016-12-07T15:06:05+00:00","description":"Wir f\u00fchren alle g\u00e4ngigen Ersatzteile f\u00fcr unsere Anh\u00e4nger vorr\u00e4tig, damit eine schnelle Ersatzteilversorgung garantiert ist.","breadcrumb":{"@id":"https:\/\/www.blomenroehr.com\/en\/spare-parts-services\/#breadcrumb"},"inLanguage":"en-US","potentialAction":[{"@type":"ReadAction","target":["https:\/\/www.blomenroehr.com\/en\/spare-parts-services\/"]}]},{"@type":"BreadcrumbList","@id":"https:\/\/www.blomenroehr.com\/en\/spare-parts-services\/#breadcrumb","itemListElement":[{"@type":"ListItem","position":1,"name":"Startseite","item":"https:\/\/www.blomenroehr.com\/en\/"},{"@type":"ListItem","position":2,"name":"Spare Parts Services"}]},{"@type":"WebSite","@id":"https:\/\/www.blomenroehr.com\/#website","url":"https:\/\/www.blomenroehr.com\/","name":"Blomenr\u00f6hr Fahrzeugbau","description":"Ihre innovative Anh\u00e4nger Manufaktur","potentialAction":[{"@type":"SearchAction","target":{"@type":"EntryPoint","urlTemplate":"https:\/\/www.blomenroehr.com\/?s={search_term_string}"},"query-input":{"@type":"PropertyValueSpecification","valueRequired":true,"valueName":"search_term_string"}}],"inLanguage":"en-US"}]}},"_links":{"self":[{"href":"https:\/\/www.blomenroehr.com\/en\/wp-json\/wp\/v2\/pages\/2950","targetHints":{"allow":["GET"]}}],"collection":[{"href":"https:\/\/www.blomenroehr.com\/en\/wp-json\/wp\/v2\/pages"}],"about":[{"href":"https:\/\/www.blomenroehr.com\/en\/wp-json\/wp\/v2\/types\/page"}],"author":[{"embeddable":true,"href":"https:\/\/www.blomenroehr.com\/en\/wp-json\/wp\/v2\/users\/1"}],"replies":[{"embeddable":true,"href":"https:\/\/www.blomenroehr.com\/en\/wp-json\/wp\/v2\/comments?post=2950"}],"version-history":[{"count":5,"href":"https:\/\/www.blomenroehr.com\/en\/wp-json\/wp\/v2\/pages\/2950\/revisions"}],"predecessor-version":[{"id":3228,"href":"https:\/\/www.blomenroehr.com\/en\/wp-json\/wp\/v2\/pages\/2950\/revisions\/3228"}],"wp:attachment":[{"href":"https:\/\/www.blomenroehr.com\/en\/wp-json\/wp\/v2\/media?parent=2950"}],"curies":[{"name":"wp","href":"https:\/\/api.w.org\/{rel}","templated":true}]}}