{"id":2949,"date":"2016-10-28T15:16:08","date_gmt":"2016-10-28T13:16:08","guid":{"rendered":"http:\/\/www.blomenroehr.com\/en\/datenschutzerklaerung\/"},"modified":"2016-11-16T00:07:26","modified_gmt":"2016-11-15T23:07:26","slug":"datenschutzerklaerung","status":"publish","type":"page","link":"https:\/\/www.blomenroehr.com\/en\/datenschutzerklaerung\/","title":{"rendered":"Datenschutzerkl\u00e4rung"},"content":{"rendered":"<p style=\"text-align: justify;\">Die Blomenr\u00f6hr Fahrzeugbau GmbH nimmt den Schutz Ihrer pers\u00f6nlichen Daten sehr ernst. Wir behandeln Ihre personenbezogenen Daten vertraulich und entsprechend der gesetzlichen Datenschutzvorschriften sowie dieser Datenschutzerkl\u00e4rung.<\/p>\n<p style=\"text-align: justify;\">Die Nutzung unserer Webseite ist in der Regel ohne Angabe personenbezogener Daten m\u00f6glich. Soweit auf unseren Seiten personenbezogene Daten (beispielsweise Name, Anschrift oder E-Mail-Adressen) erhoben werden, erfolgt dies, soweit m\u00f6glich, stets auf freiwilliger Basis. Diese Daten werden ohne Ihre ausdr\u00fcckliche Zustimmung nicht an Dritte weitergegeben.<br \/>\nWir weisen darauf hin, dass die Daten\u00fcbertragung im Internet (z.B. bei der Kommunikation per E-Mail) Sicherheitsl\u00fccken aufweisen kann. Ein l\u00fcckenloser Schutz der Daten vor dem Zugriff durch Dritte ist nicht m\u00f6glich.<\/p>\n<p style=\"text-align: justify;\"><strong>Speicherung und Verarbeitung personenbezogener Daten<br \/>\n<\/strong>Ihre Angaben speichern wir unter Umst\u00e4nden auf unserem Server. Der Zugriff auf Ihre Daten ist nur befugten Personen m\u00f6glich. Diese sind f\u00fcr die technische, kaufm\u00e4nnische oder redaktionelle Betreuung der Server zust\u00e4ndig. Die Einhaltung der datenschutzrechtlichen Bestimmungen zur Speicherung und Verarbeitung personenbezogener Daten wird von uns \u00fcberwacht.<\/p>\n<p style=\"text-align: justify;\"><strong>Weitergabe personenbezogener Daten an Dritte<br \/>\n<\/strong>Wir verwenden Ihre personenbezogenen Informationen nur innerhalb unseres Unternehmens. Wir geben die Daten nicht ohne Ihre ausdr\u00fcckliche Einwilligung an Dritte weiter. Soweit wir gesetzlich oder per Gerichtsbeschluss dazu verpflichtet sind, werden wir Ihre Daten an auskunftsberechtigte Stellen \u00fcbermitteln.<\/p>\n<p style=\"text-align: justify;\"><strong>Datenschutzerkl\u00e4rung f\u00fcr die Nutzung von Google Analytics und Tracking Tools<br \/>\n<\/strong>Unsere Website nutzt Funktionen des\u00a0 Webanalysedienstes Google Analytics. Google Analytics verwendet sog. &#8220;Cookies&#8221;. Das sind Textdateien, die auf Ihrem Computer gespeichert werden und die eine Analyse der Benutzung der Website durch Sie erm\u00f6glichen. Die durch den Cookie erzeugten Informationen \u00fcber Ihre Benutzung dieser Website werden in der Regel an einen Server von Google in den USA \u00fcbertragen und dort gespeichert. Anbieter ist die Google Inc. 1600 Amphitheatre Parkway Mountain View, CA 94043, USA.<br \/>\nIm Falle der Aktivierung der IP-Anonymisierung auf dieser Webseite wird Ihre IP-Adresse von Google jedoch innerhalb von Mitgliedstaaten der Europ\u00e4ischen Union oder in anderen Vertragsstaaten des Abkommens \u00fcber den Europ\u00e4ischen Wirtschaftsraum zuvor gek\u00fcrzt. Nur in Ausnahmef\u00e4llen wird die volle IP-Adresse an einen Server von Google in den USA \u00fcbertragen und dort gek\u00fcrzt. Im Auftrag des Betreibers dieser Website wird Google diese Informationen benutzen, um Ihre Nutzung der Website auszuwerten, um Reports \u00fcber die Websiteaktivit\u00e4ten zusammenzustellen und um weitere mit der Websitenutzung und der Internetnutzung verbundene Dienstleistungen gegen\u00fcber dem Websitebetreiber zu erbringen. Die im Rahmen von Google Analytics von Ihrem Browser \u00fcbermittelte IP-Adresse wird nicht mit anderen Daten von Google zusammengef\u00fchrt.<br \/>\nSie k\u00f6nnen die Speicherung der Cookies durch eine entsprechende Einstellung Ihrer Browser-Software verhindern; wir weisen Sie jedoch darauf hin, dass Sie in diesem Fall gegebenenfalls nicht s\u00e4mtliche Funktionen dieser Website vollumf\u00e4nglich werden nutzen k\u00f6nnen. Sie k\u00f6nnen dar\u00fcber hinaus die Erfassung der durch das Cookie erzeugten und auf Ihre Nutzung der Website bezogenen Daten (inkl. Ihrer IP-Adresse) an Google sowie die Verarbeitung dieser Daten durch Google verhindern, indem sie das unter dem folgenden Link verf\u00fcgbare Browser-Plugin herunterladen und installieren: <a href=\"http:\/\/tools.google.com\/dlpage\/gaoptout?hl=de\">tools.google.com\/dlpage\/gaoptout<\/a><\/p>\n<p style=\"text-align: justify;\">Wir nutzen au\u00dferdem ein Tracking-Tool f\u00fcr die statistische Auswertung der Besucherzahlen auf unserer Website. Hierf\u00fcr werden einige Besucherinformationen auf unserem Server gespeichert. Die IP-Adresse wird sofort nach der Verarbeitung anonymisiert.<\/p>\n<p style=\"text-align: justify;\"><strong>Links zu anderen Anbietern<br \/>\n<\/strong>Unsere Web-Seite enth\u00e4lt auch Links auf die Internet-Auftritte anderer Unternehmen. Soweit Links zu Webseiten anderer Anbieter vorhanden sind, haben wir auf deren Inhalte keinen Einfluss. Daher kann f\u00fcr diese Inhalte auch keine Gew\u00e4hr und Haftung \u00fcbernommen werden. F\u00fcr die Inhalte dieser Seiten ist stets der jeweilige Anbieter oder Betreiber der Seiten verantwortlich. Die verlinkten Seiten wurden zum Zeitpunkt der Verlinkung auf m\u00f6gliche Rechtsverst\u00f6\u00dfe und erkennbare Rechtsverletzungen gepr\u00fcft. Rechtswidrige Inhalte waren zum Zeitpunkt der Verlinkung nicht erkennbar. Eine permanente inhaltliche Kontrolle der verlinkten Seiten ist jedoch ohne konkrete Anhaltspunkte einer Rechtsverletzung nicht zumutbar. Bei Bekanntwerden von Rechtsverletzungen werden derartige Links umgehend entfernt.<\/p>\n<p style=\"text-align: justify;\"><strong>Kontaktformular<br \/>\n<\/strong>Wenn Sie uns per Kontaktformular Anfragen zukommen lassen, werden Ihre Angaben aus dem Anfrageformular inklusive der von Ihnen dort angegebenen Kontaktdaten zwecks Bearbeitung der Anfrage und f\u00fcr den Fall von Anschlussfragen bei uns gespeichert. Diese Daten geben wir nicht ohne Ihre Einwilligung weiter. Wir weisen aber darauf hin, dass die Daten\u00fcbertragung unverschl\u00fcsselt stattfindet. Falls Sie dies nicht m\u00f6chten, k\u00f6nnen Sie auch Ihre eigenen Mittel zur Verschl\u00fcsselung verwenden und uns dann eine E-Mail an <a href=\"mailto:info@blomenroehr.com\">info@blomenroehr.com<\/a> senden.<\/p>\n<p style=\"text-align: justify;\"><strong>Auskunft<br \/>\n<\/strong>Sie haben ein Recht auf Auskunft \u00fcber Ihre gespeicherten Daten sowie gegebenenfalls ein Recht auf Berichtigung, Sperrung oder L\u00f6schung der Daten. Ansprechpartner hierf\u00fcr ist unsere Gesch\u00e4ftsleitung.<\/p>\n<p style=\"text-align: justify;\">Geseke Oktober 2016<\/p>\n","protected":false},"excerpt":{"rendered":"<p>Die Blomenr\u00f6hr Fahrzeugbau GmbH nimmt den Schutz Ihrer pers\u00f6nlichen Daten sehr ernst. Wir behandeln Ihre personenbezogenen Daten vertraulich und entsprechend der &#8230;<\/p>\n","protected":false},"author":1,"featured_media":0,"parent":0,"menu_order":0,"comment_status":"closed","ping_status":"closed","template":"","meta":{"footnotes":""},"class_list":["post-2949","page","type-page","status-publish","hentry"],"yoast_head":"<!-- This site is optimized with the Yoast SEO plugin v26.2 - https:\/\/yoast.com\/wordpress\/plugins\/seo\/ -->\n<title>Datenschutzerkl\u00e4rung | Blomenr\u00f6hr Fahrzeugbau<\/title>\n<meta name=\"robots\" content=\"index, follow, max-snippet:-1, max-image-preview:large, max-video-preview:-1\" \/>\n<link rel=\"canonical\" href=\"https:\/\/www.blomenroehr.com\/en\/datenschutzerklaerung\/\" \/>\n<meta property=\"og:locale\" content=\"en_US\" \/>\n<meta property=\"og:type\" content=\"article\" \/>\n<meta property=\"og:title\" content=\"Datenschutzerkl\u00e4rung | Blomenr\u00f6hr Fahrzeugbau\" \/>\n<meta property=\"og:description\" content=\"Die Blomenr\u00f6hr Fahrzeugbau GmbH nimmt den Schutz Ihrer pers\u00f6nlichen Daten sehr ernst. Wir behandeln Ihre personenbezogenen Daten vertraulich und entsprechend der ...\" \/>\n<meta property=\"og:url\" content=\"https:\/\/www.blomenroehr.com\/en\/datenschutzerklaerung\/\" \/>\n<meta property=\"og:site_name\" content=\"Blomenr\u00f6hr Fahrzeugbau\" \/>\n<meta property=\"article:publisher\" content=\"https:\/\/www.facebook.com\/Blomenr%c3%b6hr-Fahrzeugbau-GmbH-1576816849310865\/\" \/>\n<meta property=\"article:modified_time\" content=\"2016-11-15T23:07:26+00:00\" \/>\n<meta name=\"twitter:card\" content=\"summary_large_image\" \/>\n<meta name=\"twitter:label1\" content=\"Est. reading time\" \/>\n\t<meta name=\"twitter:data1\" content=\"4 minutes\" \/>\n<script type=\"application\/ld+json\" class=\"yoast-schema-graph\">{\"@context\":\"https:\/\/schema.org\",\"@graph\":[{\"@type\":\"WebPage\",\"@id\":\"https:\/\/www.blomenroehr.com\/en\/datenschutzerklaerung\/\",\"url\":\"https:\/\/www.blomenroehr.com\/en\/datenschutzerklaerung\/\",\"name\":\"Datenschutzerkl\u00e4rung | Blomenr\u00f6hr Fahrzeugbau\",\"isPartOf\":{\"@id\":\"https:\/\/www.blomenroehr.com\/#website\"},\"datePublished\":\"2016-10-28T13:16:08+00:00\",\"dateModified\":\"2016-11-15T23:07:26+00:00\",\"breadcrumb\":{\"@id\":\"https:\/\/www.blomenroehr.com\/en\/datenschutzerklaerung\/#breadcrumb\"},\"inLanguage\":\"en-US\",\"potentialAction\":[{\"@type\":\"ReadAction\",\"target\":[\"https:\/\/www.blomenroehr.com\/en\/datenschutzerklaerung\/\"]}]},{\"@type\":\"BreadcrumbList\",\"@id\":\"https:\/\/www.blomenroehr.com\/en\/datenschutzerklaerung\/#breadcrumb\",\"itemListElement\":[{\"@type\":\"ListItem\",\"position\":1,\"name\":\"Startseite\",\"item\":\"https:\/\/www.blomenroehr.com\/en\/\"},{\"@type\":\"ListItem\",\"position\":2,\"name\":\"Datenschutzerkl\u00e4rung\"}]},{\"@type\":\"WebSite\",\"@id\":\"https:\/\/www.blomenroehr.com\/#website\",\"url\":\"https:\/\/www.blomenroehr.com\/\",\"name\":\"Blomenr\u00f6hr Fahrzeugbau\",\"description\":\"Ihre innovative Anh\u00e4nger Manufaktur\",\"potentialAction\":[{\"@type\":\"SearchAction\",\"target\":{\"@type\":\"EntryPoint\",\"urlTemplate\":\"https:\/\/www.blomenroehr.com\/?s={search_term_string}\"},\"query-input\":{\"@type\":\"PropertyValueSpecification\",\"valueRequired\":true,\"valueName\":\"search_term_string\"}}],\"inLanguage\":\"en-US\"}]}<\/script>\n<!-- \/ Yoast SEO plugin. -->","yoast_head_json":{"title":"Datenschutzerkl\u00e4rung | Blomenr\u00f6hr Fahrzeugbau","robots":{"index":"index","follow":"follow","max-snippet":"max-snippet:-1","max-image-preview":"max-image-preview:large","max-video-preview":"max-video-preview:-1"},"canonical":"https:\/\/www.blomenroehr.com\/en\/datenschutzerklaerung\/","og_locale":"en_US","og_type":"article","og_title":"Datenschutzerkl\u00e4rung | Blomenr\u00f6hr Fahrzeugbau","og_description":"Die Blomenr\u00f6hr Fahrzeugbau GmbH nimmt den Schutz Ihrer pers\u00f6nlichen Daten sehr ernst. Wir behandeln Ihre personenbezogenen Daten vertraulich und entsprechend der ...","og_url":"https:\/\/www.blomenroehr.com\/en\/datenschutzerklaerung\/","og_site_name":"Blomenr\u00f6hr Fahrzeugbau","article_publisher":"https:\/\/www.facebook.com\/Blomenr%c3%b6hr-Fahrzeugbau-GmbH-1576816849310865\/","article_modified_time":"2016-11-15T23:07:26+00:00","twitter_card":"summary_large_image","twitter_misc":{"Est. reading time":"4 minutes"},"schema":{"@context":"https:\/\/schema.org","@graph":[{"@type":"WebPage","@id":"https:\/\/www.blomenroehr.com\/en\/datenschutzerklaerung\/","url":"https:\/\/www.blomenroehr.com\/en\/datenschutzerklaerung\/","name":"Datenschutzerkl\u00e4rung | Blomenr\u00f6hr Fahrzeugbau","isPartOf":{"@id":"https:\/\/www.blomenroehr.com\/#website"},"datePublished":"2016-10-28T13:16:08+00:00","dateModified":"2016-11-15T23:07:26+00:00","breadcrumb":{"@id":"https:\/\/www.blomenroehr.com\/en\/datenschutzerklaerung\/#breadcrumb"},"inLanguage":"en-US","potentialAction":[{"@type":"ReadAction","target":["https:\/\/www.blomenroehr.com\/en\/datenschutzerklaerung\/"]}]},{"@type":"BreadcrumbList","@id":"https:\/\/www.blomenroehr.com\/en\/datenschutzerklaerung\/#breadcrumb","itemListElement":[{"@type":"ListItem","position":1,"name":"Startseite","item":"https:\/\/www.blomenroehr.com\/en\/"},{"@type":"ListItem","position":2,"name":"Datenschutzerkl\u00e4rung"}]},{"@type":"WebSite","@id":"https:\/\/www.blomenroehr.com\/#website","url":"https:\/\/www.blomenroehr.com\/","name":"Blomenr\u00f6hr Fahrzeugbau","description":"Ihre innovative Anh\u00e4nger Manufaktur","potentialAction":[{"@type":"SearchAction","target":{"@type":"EntryPoint","urlTemplate":"https:\/\/www.blomenroehr.com\/?s={search_term_string}"},"query-input":{"@type":"PropertyValueSpecification","valueRequired":true,"valueName":"search_term_string"}}],"inLanguage":"en-US"}]}},"_links":{"self":[{"href":"https:\/\/www.blomenroehr.com\/en\/wp-json\/wp\/v2\/pages\/2949","targetHints":{"allow":["GET"]}}],"collection":[{"href":"https:\/\/www.blomenroehr.com\/en\/wp-json\/wp\/v2\/pages"}],"about":[{"href":"https:\/\/www.blomenroehr.com\/en\/wp-json\/wp\/v2\/types\/page"}],"author":[{"embeddable":true,"href":"https:\/\/www.blomenroehr.com\/en\/wp-json\/wp\/v2\/users\/1"}],"replies":[{"embeddable":true,"href":"https:\/\/www.blomenroehr.com\/en\/wp-json\/wp\/v2\/comments?post=2949"}],"version-history":[{"count":1,"href":"https:\/\/www.blomenroehr.com\/en\/wp-json\/wp\/v2\/pages\/2949\/revisions"}],"predecessor-version":[{"id":3021,"href":"https:\/\/www.blomenroehr.com\/en\/wp-json\/wp\/v2\/pages\/2949\/revisions\/3021"}],"wp:attachment":[{"href":"https:\/\/www.blomenroehr.com\/en\/wp-json\/wp\/v2\/media?parent=2949"}],"curies":[{"name":"wp","href":"https:\/\/api.w.org\/{rel}","templated":true}]}}