{"id":2947,"date":"2016-10-02T21:22:30","date_gmt":"2016-10-02T19:22:30","guid":{"rendered":"http:\/\/www.blomenroehr.com\/en\/anhaenger\/"},"modified":"2016-12-15T15:21:04","modified_gmt":"2016-12-15T14:21:04","slug":"trailer","status":"publish","type":"page","link":"https:\/\/www.blomenroehr.com\/en\/trailer\/","title":{"rendered":"Trailer"},"content":{"rendered":"<div class=\"wpb-content-wrapper\"><p>[vc_row margin_top=&#8221;0&#8243; padding_top=&#8221;0&#8243;][vc_column][vc_column_text]<\/p>\n<h3 style=\"text-align: justify;\">Blomenr\u00f6hr\u00a0Trailers<\/h3>\n<p style=\"text-align: justify;\">Blomenr\u00f6hr Fahrzeugbau is the specialist for trailers in a compact and low design. The program is wide ranging and flexible. Blomenr\u00f6hr products are known for quality. The solid workmanship, a sturdy construction, well-skilled employees and long-time experience guarantee a longevity of the products.<\/p>\n<p style=\"text-align: justify;\">Used are only components of brand manufacturers. We produce to the customer\u2019s request. Your special needs and wishes can be fulfilled at our trailers.<\/p>\n<h4 style=\"text-align: justify;\">Our suppliers<\/h4>\n<p>[\/vc_column_text][\/vc_column][\/vc_row][vc_row margin_top=&#8221;0&#8243; padding_top=&#8221;0&#8243;][vc_column width=&#8221;1\/4&#8243;][vc_single_image image=&#8221;2333&#8243; img_size=&#8221;full&#8221; onclick=&#8221;custom_link&#8221; img_link_target=&#8221;_blank&#8221; css_animation=&#8221;appear&#8221; el_class=&#8221;logos&#8221; link=&#8221;http:\/\/www.bpw.de&#8221;][\/vc_column][vc_column width=&#8221;1\/4&#8243;][vc_single_image image=&#8221;2335&#8243; img_size=&#8221;full&#8221; onclick=&#8221;custom_link&#8221; img_link_target=&#8221;_blank&#8221; css_animation=&#8221;appear&#8221; el_class=&#8221;logos&#8221; link=&#8221;http:\/\/www.gigant-group.com&#8221;][\/vc_column][vc_column width=&#8221;1\/4&#8243;][vc_single_image image=&#8221;2372&#8243; img_size=&#8221;full&#8221; onclick=&#8221;custom_link&#8221; img_link_target=&#8221;_blank&#8221; css_animation=&#8221;appear&#8221; el_class=&#8221;logos&#8221; link=&#8221;http:\/\/www.knott.de&#8221;][\/vc_column][vc_column width=&#8221;1\/4&#8243;][vc_single_image image=&#8221;2448&#8243; img_size=&#8221;full&#8221; onclick=&#8221;custom_link&#8221; css_animation=&#8221;appear&#8221; el_class=&#8221;logos&#8221; link=&#8221;http:\/\/www.haacon.de&#8221;][\/vc_column][\/vc_row][vc_row margin_top=&#8221;0&#8243; padding_top=&#8221;0&#8243;][vc_column width=&#8221;1\/4&#8243;][vc_single_image image=&#8221;2336&#8243; img_size=&#8221;full&#8221; onclick=&#8221;custom_link&#8221; img_link_target=&#8221;_blank&#8221; css_animation=&#8221;appear&#8221; el_class=&#8221;logos&#8221; link=&#8221;http:\/\/www.glasurit.com\/de&#8221;][\/vc_column][vc_column width=&#8221;1\/4&#8243;][vc_single_image image=&#8221;2332&#8243; img_size=&#8221;full&#8221; onclick=&#8221;custom_link&#8221; img_link_target=&#8221;_blank&#8221; css_animation=&#8221;appear&#8221; el_class=&#8221;logos&#8221; link=&#8221;http:\/\/www.aspoeck.com&#8221;][\/vc_column][vc_column width=&#8221;1\/4&#8243;][vc_single_image image=&#8221;2331&#8243; img_size=&#8221;full&#8221; onclick=&#8221;custom_link&#8221; img_link_target=&#8221;_blank&#8221; css_animation=&#8221;appear&#8221; el_class=&#8221;logos&#8221; link=&#8221;http:\/\/www.altec.de&#8221;][\/vc_column][vc_column width=&#8221;1\/4&#8243;][vc_single_image image=&#8221;2370&#8243; img_size=&#8221;full&#8221; onclick=&#8221;custom_link&#8221; img_link_target=&#8221;_blank&#8221; css_animation=&#8221;appear&#8221; el_class=&#8221;logos&#8221; link=&#8221;http:\/\/www.haldex.com&#8221;][\/vc_column][\/vc_row][vc_row margin_top=&#8221;0&#8243; padding_top=&#8221;0&#8243;][vc_column width=&#8221;1\/4&#8243;][vc_single_image image=&#8221;2371&#8243; img_size=&#8221;full&#8221; onclick=&#8221;custom_link&#8221; img_link_target=&#8221;_blank&#8221; css_animation=&#8221;appear&#8221; el_class=&#8221;logos&#8221; link=&#8221;http:\/\/www.ssab.de\/&#8221;][\/vc_column][vc_column width=&#8221;1\/4&#8243;][vc_single_image image=&#8221;2446&#8243; img_size=&#8221;full&#8221; onclick=&#8221;custom_link&#8221; img_link_target=&#8221;_blank&#8221; css_animation=&#8221;appear&#8221; el_class=&#8221;logos&#8221; link=&#8221;http:\/\/www.chapel.de&#8221;][\/vc_column][vc_column width=&#8221;1\/4&#8243;][vc_single_image image=&#8221;2447&#8243; img_size=&#8221;full&#8221; onclick=&#8221;custom_link&#8221; img_link_target=&#8221;_blank&#8221; css_animation=&#8221;appear&#8221; el_class=&#8221;logos&#8221; link=&#8221;http:\/\/www.hella.com&#8221;][\/vc_column][vc_column width=&#8221;1\/4&#8243;][vc_single_image image=&#8221;2334&#8243; img_size=&#8221;full&#8221; onclick=&#8221;custom_link&#8221; img_link_target=&#8221;_blank&#8221; css_animation=&#8221;appear&#8221; el_class=&#8221;logos&#8221; link=&#8221;http:\/\/gfa-germany.de&#8221;][\/vc_column][\/vc_row]<\/p>\n<\/div>","protected":false},"excerpt":{"rendered":"<p>[vc_row margin_top=&#8221;0&#8243; padding_top=&#8221;0&#8243;][vc_column][vc_column_text] Blomenr\u00f6hr\u00a0Trailers Blomenr\u00f6hr Fahrzeugbau is the specialist for trailers in a compact and low design. The program is wide &#8230;<\/p>\n","protected":false},"author":1,"featured_media":0,"parent":0,"menu_order":0,"comment_status":"closed","ping_status":"closed","template":"","meta":{"footnotes":""},"class_list":["post-2947","page","type-page","status-publish","hentry"],"yoast_head":"<!-- This site is optimized with the Yoast SEO plugin v26.2 - https:\/\/yoast.com\/wordpress\/plugins\/seo\/ -->\n<title>Trailer | Blomenr\u00f6hr Fahrzeugbau<\/title>\n<meta name=\"description\" content=\"Blomenr\u00f6hr Fahrzeugbau ist der Spezialist f\u00fcr ma\u00dfgeschneiderte Anh\u00e4nger in niedriger Bauweise, konfigurieren Sie Ihren Wunschanh\u00e4nger.\" \/>\n<meta name=\"robots\" content=\"index, follow, max-snippet:-1, max-image-preview:large, max-video-preview:-1\" \/>\n<link rel=\"canonical\" href=\"https:\/\/www.blomenroehr.com\/en\/trailer\/\" \/>\n<meta property=\"og:locale\" content=\"en_US\" \/>\n<meta property=\"og:type\" content=\"article\" \/>\n<meta property=\"og:title\" content=\"Trailer | Blomenr\u00f6hr Fahrzeugbau\" \/>\n<meta property=\"og:description\" content=\"Blomenr\u00f6hr Fahrzeugbau ist der Spezialist f\u00fcr ma\u00dfgeschneiderte Anh\u00e4nger in niedriger Bauweise, konfigurieren Sie Ihren Wunschanh\u00e4nger.\" \/>\n<meta property=\"og:url\" content=\"https:\/\/www.blomenroehr.com\/en\/trailer\/\" \/>\n<meta property=\"og:site_name\" content=\"Blomenr\u00f6hr Fahrzeugbau\" \/>\n<meta property=\"article:publisher\" content=\"https:\/\/www.facebook.com\/Blomenr%c3%b6hr-Fahrzeugbau-GmbH-1576816849310865\/\" \/>\n<meta property=\"article:modified_time\" content=\"2016-12-15T14:21:04+00:00\" \/>\n<meta name=\"twitter:card\" content=\"summary_large_image\" \/>\n<meta name=\"twitter:label1\" content=\"Est. reading time\" \/>\n\t<meta name=\"twitter:data1\" content=\"2 minutes\" \/>\n<script type=\"application\/ld+json\" class=\"yoast-schema-graph\">{\"@context\":\"https:\/\/schema.org\",\"@graph\":[{\"@type\":\"WebPage\",\"@id\":\"https:\/\/www.blomenroehr.com\/en\/trailer\/\",\"url\":\"https:\/\/www.blomenroehr.com\/en\/trailer\/\",\"name\":\"Trailer | Blomenr\u00f6hr Fahrzeugbau\",\"isPartOf\":{\"@id\":\"https:\/\/www.blomenroehr.com\/#website\"},\"datePublished\":\"2016-10-02T19:22:30+00:00\",\"dateModified\":\"2016-12-15T14:21:04+00:00\",\"description\":\"Blomenr\u00f6hr Fahrzeugbau ist der Spezialist f\u00fcr ma\u00dfgeschneiderte Anh\u00e4nger in niedriger Bauweise, konfigurieren Sie Ihren Wunschanh\u00e4nger.\",\"breadcrumb\":{\"@id\":\"https:\/\/www.blomenroehr.com\/en\/trailer\/#breadcrumb\"},\"inLanguage\":\"en-US\",\"potentialAction\":[{\"@type\":\"ReadAction\",\"target\":[\"https:\/\/www.blomenroehr.com\/en\/trailer\/\"]}]},{\"@type\":\"BreadcrumbList\",\"@id\":\"https:\/\/www.blomenroehr.com\/en\/trailer\/#breadcrumb\",\"itemListElement\":[{\"@type\":\"ListItem\",\"position\":1,\"name\":\"Startseite\",\"item\":\"https:\/\/www.blomenroehr.com\/en\/\"},{\"@type\":\"ListItem\",\"position\":2,\"name\":\"Trailer\"}]},{\"@type\":\"WebSite\",\"@id\":\"https:\/\/www.blomenroehr.com\/#website\",\"url\":\"https:\/\/www.blomenroehr.com\/\",\"name\":\"Blomenr\u00f6hr Fahrzeugbau\",\"description\":\"Ihre innovative Anh\u00e4nger Manufaktur\",\"potentialAction\":[{\"@type\":\"SearchAction\",\"target\":{\"@type\":\"EntryPoint\",\"urlTemplate\":\"https:\/\/www.blomenroehr.com\/?s={search_term_string}\"},\"query-input\":{\"@type\":\"PropertyValueSpecification\",\"valueRequired\":true,\"valueName\":\"search_term_string\"}}],\"inLanguage\":\"en-US\"}]}<\/script>\n<!-- \/ Yoast SEO plugin. -->","yoast_head_json":{"title":"Trailer | Blomenr\u00f6hr Fahrzeugbau","description":"Blomenr\u00f6hr Fahrzeugbau ist der Spezialist f\u00fcr ma\u00dfgeschneiderte Anh\u00e4nger in niedriger Bauweise, konfigurieren Sie Ihren Wunschanh\u00e4nger.","robots":{"index":"index","follow":"follow","max-snippet":"max-snippet:-1","max-image-preview":"max-image-preview:large","max-video-preview":"max-video-preview:-1"},"canonical":"https:\/\/www.blomenroehr.com\/en\/trailer\/","og_locale":"en_US","og_type":"article","og_title":"Trailer | Blomenr\u00f6hr Fahrzeugbau","og_description":"Blomenr\u00f6hr Fahrzeugbau ist der Spezialist f\u00fcr ma\u00dfgeschneiderte Anh\u00e4nger in niedriger Bauweise, konfigurieren Sie Ihren Wunschanh\u00e4nger.","og_url":"https:\/\/www.blomenroehr.com\/en\/trailer\/","og_site_name":"Blomenr\u00f6hr Fahrzeugbau","article_publisher":"https:\/\/www.facebook.com\/Blomenr%c3%b6hr-Fahrzeugbau-GmbH-1576816849310865\/","article_modified_time":"2016-12-15T14:21:04+00:00","twitter_card":"summary_large_image","twitter_misc":{"Est. reading time":"2 minutes"},"schema":{"@context":"https:\/\/schema.org","@graph":[{"@type":"WebPage","@id":"https:\/\/www.blomenroehr.com\/en\/trailer\/","url":"https:\/\/www.blomenroehr.com\/en\/trailer\/","name":"Trailer | Blomenr\u00f6hr Fahrzeugbau","isPartOf":{"@id":"https:\/\/www.blomenroehr.com\/#website"},"datePublished":"2016-10-02T19:22:30+00:00","dateModified":"2016-12-15T14:21:04+00:00","description":"Blomenr\u00f6hr Fahrzeugbau ist der Spezialist f\u00fcr ma\u00dfgeschneiderte Anh\u00e4nger in niedriger Bauweise, konfigurieren Sie Ihren Wunschanh\u00e4nger.","breadcrumb":{"@id":"https:\/\/www.blomenroehr.com\/en\/trailer\/#breadcrumb"},"inLanguage":"en-US","potentialAction":[{"@type":"ReadAction","target":["https:\/\/www.blomenroehr.com\/en\/trailer\/"]}]},{"@type":"BreadcrumbList","@id":"https:\/\/www.blomenroehr.com\/en\/trailer\/#breadcrumb","itemListElement":[{"@type":"ListItem","position":1,"name":"Startseite","item":"https:\/\/www.blomenroehr.com\/en\/"},{"@type":"ListItem","position":2,"name":"Trailer"}]},{"@type":"WebSite","@id":"https:\/\/www.blomenroehr.com\/#website","url":"https:\/\/www.blomenroehr.com\/","name":"Blomenr\u00f6hr Fahrzeugbau","description":"Ihre innovative Anh\u00e4nger Manufaktur","potentialAction":[{"@type":"SearchAction","target":{"@type":"EntryPoint","urlTemplate":"https:\/\/www.blomenroehr.com\/?s={search_term_string}"},"query-input":{"@type":"PropertyValueSpecification","valueRequired":true,"valueName":"search_term_string"}}],"inLanguage":"en-US"}]}},"_links":{"self":[{"href":"https:\/\/www.blomenroehr.com\/en\/wp-json\/wp\/v2\/pages\/2947","targetHints":{"allow":["GET"]}}],"collection":[{"href":"https:\/\/www.blomenroehr.com\/en\/wp-json\/wp\/v2\/pages"}],"about":[{"href":"https:\/\/www.blomenroehr.com\/en\/wp-json\/wp\/v2\/types\/page"}],"author":[{"embeddable":true,"href":"https:\/\/www.blomenroehr.com\/en\/wp-json\/wp\/v2\/users\/1"}],"replies":[{"embeddable":true,"href":"https:\/\/www.blomenroehr.com\/en\/wp-json\/wp\/v2\/comments?post=2947"}],"version-history":[{"count":4,"href":"https:\/\/www.blomenroehr.com\/en\/wp-json\/wp\/v2\/pages\/2947\/revisions"}],"predecessor-version":[{"id":3466,"href":"https:\/\/www.blomenroehr.com\/en\/wp-json\/wp\/v2\/pages\/2947\/revisions\/3466"}],"wp:attachment":[{"href":"https:\/\/www.blomenroehr.com\/en\/wp-json\/wp\/v2\/media?parent=2947"}],"curies":[{"name":"wp","href":"https:\/\/api.w.org\/{rel}","templated":true}]}}